{"id":32625,"date":"2023-12-21T17:24:31","date_gmt":"2023-12-21T17:24:31","guid":{"rendered":"https:\/\/e.kosmolat.eu\/product\/dd-sejas-krems-alveja-mitrinoss-42-ml\/"},"modified":"2026-04-08T11:55:30","modified_gmt":"2026-04-08T11:55:30","slug":"the-dr-hc-sejas-krems-alveja-mitrinoss-42-ml","status":"publish","type":"product","link":"https:\/\/e.kosmolat.eu\/lt\/produktas\/the-dr-hc-sejas-krems-alveja-mitrinoss-42-ml\/","title":{"rendered":"THE DOCTOR HEALTH &#038; CARE Dr\u0117kinamasis veido kremas su alaviju, 42 ml"},"content":{"rendered":"<p>Dr\u0117kinamasis kremas i\u0161saus\u0117jusiai odai, neleid\u017eia odai i\u0161saus\u0117ti, pa\u0161alina pleiskanojim\u0105, \u0161iurk\u0161tum\u0105. Oda tampa lygi ir maloni liesti, ilgam i\u0161saugo savo gaivum\u0105. Kremas dr\u0117kina ir atnaujina od\u0105.<\/p>\n<p>Naudojimo b\u016bdas: u\u017etepti ant \u0161varios, sausos veido odos. <\/p>\n<p>\u012esp\u0117jimas: sud\u0117tyje yra vitamino A. Prie\u0161 naudojant atsi\u017evelgti \u012f paros doz\u0119.<\/p>\n<p>Laikymo s\u0105lygos: nuo +5 \u00b0 C iki +25 \u00b0 C.<\/p>\n","protected":false},"excerpt":{"rendered":"<p>Dr\u0117kinamasis kremas i\u0161saus\u0117jusiai odai, neleid\u017eia odai i\u0161saus\u0117ti, pa\u0161alina pleiskanojim\u0105, \u0161iurk\u0161tum\u0105. Oda tampa lygi ir maloni liesti, ilgam i\u0161saugo savo gaivum\u0105. Kremas dr\u0117kina ir atnaujina od\u0105. Naudojimo b\u016bdas: u\u017etepti ant \u0161varios, sausos veido odos. \u012esp\u0117jimas: sud\u0117tyje yra vitamino A. Prie\u0161 naudojant atsi\u017evelgti \u012f paros doz\u0119. Laikymo s\u0105lygos: nuo +5 \u00b0 C iki +25 \u00b0 C.<\/p>\n","protected":false},"featured_media":79002,"template":"","meta":[],"product_cat":[1322],"product_tag":[],"class_list":{"0":"post-32625","1":"product","2":"type-product","3":"status-publish","4":"has-post-thumbnail","6":"product_brand-elfa_ua-lt","7":"product_cat-veido-kremai","9":"first","10":"instock","11":"taxable","12":"shipping-taxable","13":"product-type-simple"},"_links":{"self":[{"href":"https:\/\/e.kosmolat.eu\/lt\/wp-json\/wp\/v2\/product\/32625","targetHints":{"allow":["GET"]}}],"collection":[{"href":"https:\/\/e.kosmolat.eu\/lt\/wp-json\/wp\/v2\/product"}],"about":[{"href":"https:\/\/e.kosmolat.eu\/lt\/wp-json\/wp\/v2\/types\/product"}],"wp:featuredmedia":[{"embeddable":true,"href":"https:\/\/e.kosmolat.eu\/lt\/wp-json\/wp\/v2\/media\/79002"}],"wp:attachment":[{"href":"https:\/\/e.kosmolat.eu\/lt\/wp-json\/wp\/v2\/media?parent=32625"}],"wp:term":[{"taxonomy":"product_cat","embeddable":true,"href":"https:\/\/e.kosmolat.eu\/lt\/wp-json\/wp\/v2\/product_cat?post=32625"},{"taxonomy":"product_tag","embeddable":true,"href":"https:\/\/e.kosmolat.eu\/lt\/wp-json\/wp\/v2\/product_tag?post=32625"}],"curies":[{"name":"wp","href":"https:\/\/api.w.org\/{rel}","templated":true}]}}