{"id":32621,"date":"2023-12-21T17:24:08","date_gmt":"2023-12-21T17:24:08","guid":{"rendered":"https:\/\/e.kosmolat.eu\/product\/caramel-mitrinoss-krems-pec-depilacijas-loti-jutigai-adai-150-ml\/"},"modified":"2026-04-22T13:29:09","modified_gmt":"2026-04-22T13:29:09","slug":"caramel-mitrinoss-krems-pec-depilacijas-loti-jutigai-adai-150-ml","status":"publish","type":"product","link":"https:\/\/e.kosmolat.eu\/lt\/produktas\/caramel-mitrinoss-krems-pec-depilacijas-loti-jutigai-adai-150-ml\/","title":{"rendered":"LADY CARAMEL Kremas po depiliacijos Dr\u0117kinantis ypa\u010d jautriai odai, 150 ml"},"content":{"rendered":"<p>Afrikinio sviestmed\u017eio aliejus, narcizo ekstraktas.<\/p>\n<p>Skirtas odos dr\u0117kinimui po depiliacijos. Palieka malon\u0173 aromat\u0105. Mink&scaron;tina od\u0105, i&scaron;saugo jos nat\u016bral\u0173 pH. Krem\u0105 rekomenduojama naudoti po depiliacijos va&scaron;ku ir kitomis pana&scaron;iomis priemon\u0117mis.<\/p>\n<p>Apsaugo nuo paraudimo po depiliacijos.<\/p>\n<p><strong>Naudojimo b\u016bdas:<\/strong>&nbsp;Po depiliacijos u\u017etepti ant &scaron;varios odos nedidel\u012f kremo kiek\u012f, palaukti, kol \u012fsigers.<\/p>\n<p><strong>Laikymo s\u0105lygos:<\/strong> nuo +5 &deg;C iki +25 &deg;C.<\/p>\n","protected":false},"excerpt":{"rendered":"<p>Afrikinio sviestmed\u017eio aliejus, narcizo ekstraktas. Skirtas odos dr\u0117kinimui po depiliacijos. Palieka malon\u0173 aromat\u0105. Mink&scaron;tina od\u0105, i&scaron;saugo jos nat\u016bral\u0173 pH. Krem\u0105 rekomenduojama naudoti po depiliacijos va&scaron;ku ir kitomis pana&scaron;iomis priemon\u0117mis. Apsaugo nuo paraudimo po depiliacijos. Naudojimo b\u016bdas:&nbsp;Po depiliacijos u\u017etepti ant &scaron;varios odos nedidel\u012f kremo kiek\u012f, palaukti, kol \u012fsigers. Laikymo s\u0105lygos: nuo +5 &deg;C iki +25 &deg;C.<\/p>\n","protected":false},"featured_media":104448,"template":"","meta":[],"product_cat":[2181],"product_tag":[],"class_list":{"0":"post-32621","1":"product","2":"type-product","3":"status-publish","4":"has-post-thumbnail","6":"product_brand-elfa_ua-lt","7":"product_cat-bez-kategorijas-lt","9":"first","10":"instock","11":"taxable","12":"shipping-taxable","13":"product-type-simple"},"_links":{"self":[{"href":"https:\/\/e.kosmolat.eu\/lt\/wp-json\/wp\/v2\/product\/32621","targetHints":{"allow":["GET"]}}],"collection":[{"href":"https:\/\/e.kosmolat.eu\/lt\/wp-json\/wp\/v2\/product"}],"about":[{"href":"https:\/\/e.kosmolat.eu\/lt\/wp-json\/wp\/v2\/types\/product"}],"wp:featuredmedia":[{"embeddable":true,"href":"https:\/\/e.kosmolat.eu\/lt\/wp-json\/wp\/v2\/media\/104448"}],"wp:attachment":[{"href":"https:\/\/e.kosmolat.eu\/lt\/wp-json\/wp\/v2\/media?parent=32621"}],"wp:term":[{"taxonomy":"product_cat","embeddable":true,"href":"https:\/\/e.kosmolat.eu\/lt\/wp-json\/wp\/v2\/product_cat?post=32621"},{"taxonomy":"product_tag","embeddable":true,"href":"https:\/\/e.kosmolat.eu\/lt\/wp-json\/wp\/v2\/product_tag?post=32621"}],"curies":[{"name":"wp","href":"https:\/\/api.w.org\/{rel}","templated":true}]}}