{"id":32617,"date":"2023-12-21T17:23:38","date_gmt":"2023-12-21T17:23:38","guid":{"rendered":"https:\/\/e.kosmolat.eu\/product\/caramel-depilacijas-krems-100-matinu-nonemsana-100-ml\/"},"modified":"2026-04-23T13:24:58","modified_gmt":"2026-04-23T13:24:58","slug":"lady-caramel-depilacijas-krems-100-matinu-nonemsana-100-ml","status":"publish","type":"product","link":"https:\/\/e.kosmolat.eu\/lt\/produktas\/lady-caramel-depilacijas-krems-100-matinu-nonemsana-100-ml\/","title":{"rendered":"LADY CARAMEL Depiliacinis kremas 100% plauk\u0173 pa\u0161alinimas, 100 ml"},"content":{"rendered":"<p>Kakavos sviestas, avokadas.<\/p>\n<p>Pa&scaron;alina 100% plauk\u0173, l\u0117tina j\u0173 augim\u0105, dr\u0117kina ir mink&scaron;tina kakavos sviesto ir avokado d\u0117ka, suteikia odai &scaron;velnumo. po depiliacijos plaukai atauga mink&scaron;tesni, &scaron;velnumo poj\u016btis t\u0119siasi ilgiau.<\/p>\n<p><strong>Naudojimo b\u016bdas:<\/strong>&nbsp;Naudodami mentel\u0119 u\u017etepkite kremo ant reikiamos odos vietos.&nbsp;NE\u012eTRINTI! Palaukti 5-10 minu\u010di\u0173. Neleisti i&scaron;d\u017ei\u016bti! Pa&scaron;alinti krem\u0105 su plaukeliais mentele (i&scaron; apa\u010dios \u012f vir&scaron;\u0173). Po depiliacijos od\u0105 nuplauti v\u0117siu vandeniu be muilo, nu&scaron;luostyti rank&scaron;luo&scaron;\u010diu.<\/p>\n<p><strong>Rekomendacijos:<\/strong><\/p>\n<ul>\n<li>Prie&scaron; depiliacij\u0105 atlikti jautrumo testt\u0105: u\u017etepti nedidel\u012f kiek\u012f kremo ant vidin\u0117s rankos pus\u0117s, palaukti 10 minu\u010di\u0173, nuplauti v\u0117siu vandeniu. Jeigu per par\u0105 neatsirado sudirgimo &#8211; depiliacij\u0105 galima atlikti.<\/li>\n<li>Nerekomenduojama maudytis vonioje prie&scaron; ir po depiliacij\u0105.<\/li>\n<li>Netepti kremo ant pa\u017eeistos, sudirgusios arba smarkiai \u012fdegusios odos.<\/li>\n<li>Nenaudoti gilios bikinio zonos depiliacijai.<\/li>\n<li>24val. po depiliacijos negalima naudoti dezodoranto ir kvepal\u0173.<\/li>\n<li>Negalima degintis saul\u0117je arba soliariume i&scaron; karto po depiliacijos.<\/li>\n<\/ul>\n<p>D\u0117mesio! Stipraus poveikio priemon\u0117! Saugoti nuo vaik\u0173! Nenaudoti plauk\u0173 depiliacijai ant veido. Vengti patekimo \u012f akis arba gleivines. Jei kremo patenka \u012f akis, nuplauti jas dideliu kiekiu &scaron;alto vandens ir, jeigu reikia, kreipti \u012f gydytoj\u0105.<\/p>\n<p><strong>Laikymo s\u0105lygos:<\/strong> Nuo +5 iki +25&deg;\u0421.<\/p>\n","protected":false},"excerpt":{"rendered":"<p>Kakavos sviestas, avokadas. Pa&scaron;alina 100% plauk\u0173, l\u0117tina j\u0173 augim\u0105, dr\u0117kina ir mink&scaron;tina kakavos sviesto ir avokado d\u0117ka, suteikia odai &scaron;velnumo. po depiliacijos plaukai atauga mink&scaron;tesni, &scaron;velnumo poj\u016btis t\u0119siasi ilgiau. Naudojimo b\u016bdas:&nbsp;Naudodami mentel\u0119 u\u017etepkite kremo ant reikiamos odos vietos.&nbsp;NE\u012eTRINTI! Palaukti 5-10 minu\u010di\u0173. Neleisti i&scaron;d\u017ei\u016bti! Pa&scaron;alinti krem\u0105 su plaukeliais mentele (i&scaron; apa\u010dios \u012f vir&scaron;\u0173). Po depiliacijos od\u0105 [&#8230;]\n","protected":false},"featured_media":78986,"template":"","meta":[],"product_cat":[1624],"product_tag":[],"class_list":{"0":"post-32617","1":"product","2":"type-product","3":"status-publish","4":"has-post-thumbnail","6":"product_brand-elfa_ua-lt","7":"product_cat-depiliacijos-priemones","9":"first","10":"instock","11":"taxable","12":"shipping-taxable","13":"product-type-simple"},"_links":{"self":[{"href":"https:\/\/e.kosmolat.eu\/lt\/wp-json\/wp\/v2\/product\/32617","targetHints":{"allow":["GET"]}}],"collection":[{"href":"https:\/\/e.kosmolat.eu\/lt\/wp-json\/wp\/v2\/product"}],"about":[{"href":"https:\/\/e.kosmolat.eu\/lt\/wp-json\/wp\/v2\/types\/product"}],"wp:featuredmedia":[{"embeddable":true,"href":"https:\/\/e.kosmolat.eu\/lt\/wp-json\/wp\/v2\/media\/78986"}],"wp:attachment":[{"href":"https:\/\/e.kosmolat.eu\/lt\/wp-json\/wp\/v2\/media?parent=32617"}],"wp:term":[{"taxonomy":"product_cat","embeddable":true,"href":"https:\/\/e.kosmolat.eu\/lt\/wp-json\/wp\/v2\/product_cat?post=32617"},{"taxonomy":"product_tag","embeddable":true,"href":"https:\/\/e.kosmolat.eu\/lt\/wp-json\/wp\/v2\/product_tag?post=32617"}],"curies":[{"name":"wp","href":"https:\/\/api.w.org\/{rel}","templated":true}]}}