{"id":32613,"date":"2023-12-21T17:23:09","date_gmt":"2023-12-21T17:23:09","guid":{"rendered":"https:\/\/e.kosmolat.eu\/product\/caramel-depilacijas-krems-3-minusu-atri-iedarbojoss-100-ml\/"},"modified":"2026-04-09T10:58:07","modified_gmt":"2026-04-09T10:58:07","slug":"lady-caramel-depilacijas-krems-3-minusu-atri-iedarbojoss-100-ml","status":"publish","type":"product","link":"https:\/\/e.kosmolat.eu\/lt\/produktas\/lady-caramel-depilacijas-krems-3-minusu-atri-iedarbojoss-100-ml\/","title":{"rendered":"LADY CARAMELDepiliacinis kremas &#8220;3 minu\u010di\u0173&#8221; (Greito veikimo), 100 ml"},"content":{"rendered":"<p>Kakavos sviestas, vanil\u0117s aliejus.<\/p>\n<p>Efektyvus, greitai veikiantis, u\u017etikrina \u0161veln\u0173 plauk\u0173 pa\u0161alinim\u0105 vos per 3min.<br \/>\nOda tampa mink\u0161ta, lygi, sudr\u0117kinta.<br \/>\nKremas sul\u0117tina plauk\u0173 augim\u0105 po depiliacijos, nedirgina. Priemon\u0117 yra po nuolatine mikrobiologine ir labolatorine kontrole. Naudoti pagal instrukcij\u0105.<\/p>\n<p>REKOMENDUOJAMA: Prie\u0161 depiliacij\u0105 padaryti jautrios odos test\u0105: nedidel\u012f kremo kiek\u012f u\u017etepti ant vidin\u0117s rankos pus\u0117s, palikyti 10min., nuplauti v\u0117siu vandeniu. Jei per 24val. ant odos neatsirado sudirgimo-galima depiliuoti.<br \/>\n-Netepti priemon\u0117s ant pa\u017eeistos, sudirgusios arba stipriai \u012fdegusios odos.<br \/>\n-Nenaudoti gilios bikinio zonos depiliacijai.<br \/>\n-24val. po depiliacjos negalima naudotis dezodorantais ir kvepalais.<br \/>\n-I\u0161kart po depiliacijos negalima degintis saul\u0117je arba soliariume.<\/p>\n<p>D\u0116MESIO! Stipraus poveikio priemon\u0117! Saugoti nuo vaik\u0173! Nenaudoti vaido plauk\u0173 depiliacijai. Vengti priemon\u0117s patekimo \u012f aki sarba gleivin\u0119. Patekimo atveju praplauti dideliu kiekiu vandens ir esant b\u016btinybei kreiptis \u012f gydytoj\u0105.<\/p>\n<p>LAIKYMO S\u0104LYGOS: nuo +5 \u00b0 C iki +25 \u00b0 C.<\/p>\n","protected":false},"excerpt":{"rendered":"<p>Kakavos sviestas, vanil\u0117s aliejus. Efektyvus, greitai veikiantis, u\u017etikrina \u0161veln\u0173 plauk\u0173 pa\u0161alinim\u0105 vos per 3min. Oda tampa mink\u0161ta, lygi, sudr\u0117kinta. Kremas sul\u0117tina plauk\u0173 augim\u0105 po depiliacijos, nedirgina. Priemon\u0117 yra po nuolatine mikrobiologine ir labolatorine kontrole. Naudoti pagal instrukcij\u0105. REKOMENDUOJAMA: Prie\u0161 depiliacij\u0105 padaryti jautrios odos test\u0105: nedidel\u012f kremo kiek\u012f u\u017etepti ant vidin\u0117s rankos pus\u0117s, palikyti 10min., nuplauti [&#8230;]\n","protected":false},"featured_media":78982,"template":"","meta":[],"product_cat":[2181],"product_tag":[],"class_list":{"0":"post-32613","1":"product","2":"type-product","3":"status-publish","4":"has-post-thumbnail","6":"product_brand-elfa_ua-lt","7":"product_cat-bez-kategorijas-lt","9":"first","10":"instock","11":"taxable","12":"shipping-taxable","13":"product-type-simple"},"_links":{"self":[{"href":"https:\/\/e.kosmolat.eu\/lt\/wp-json\/wp\/v2\/product\/32613","targetHints":{"allow":["GET"]}}],"collection":[{"href":"https:\/\/e.kosmolat.eu\/lt\/wp-json\/wp\/v2\/product"}],"about":[{"href":"https:\/\/e.kosmolat.eu\/lt\/wp-json\/wp\/v2\/types\/product"}],"wp:featuredmedia":[{"embeddable":true,"href":"https:\/\/e.kosmolat.eu\/lt\/wp-json\/wp\/v2\/media\/78982"}],"wp:attachment":[{"href":"https:\/\/e.kosmolat.eu\/lt\/wp-json\/wp\/v2\/media?parent=32613"}],"wp:term":[{"taxonomy":"product_cat","embeddable":true,"href":"https:\/\/e.kosmolat.eu\/lt\/wp-json\/wp\/v2\/product_cat?post=32613"},{"taxonomy":"product_tag","embeddable":true,"href":"https:\/\/e.kosmolat.eu\/lt\/wp-json\/wp\/v2\/product_tag?post=32613"}],"curies":[{"name":"wp","href":"https:\/\/api.w.org\/{rel}","templated":true}]}}