{"id":32605,"date":"2023-12-21T17:22:21","date_gmt":"2023-12-21T17:22:21","guid":{"rendered":"https:\/\/e.kosmolat.eu\/product\/dr-s-femme-intime-pienins-intim-hig-maigs-pieskariens-230-ml\/"},"modified":"2026-04-17T07:12:17","modified_gmt":"2026-04-17T07:12:17","slug":"dr-s-femme-intime-pienins-intim-hig-maigs-pieskariens-230-ml","status":"publish","type":"product","link":"https:\/\/e.kosmolat.eu\/lt\/produktas\/dr-s-femme-intime-pienins-intim-hig-maigs-pieskariens-230-ml\/","title":{"rendered":"DR. SANTE FEMME INTIME Pienelis intymiai higienai \u0160velnus prisilietimas, 230 ml"},"content":{"rendered":"<p>Sud\u0117tyje pieno r\u016bg\u0161tis, bisabololas, medetk\u0173 aliejus. Be muilo,spirito ir da\u017eikli\u0173. Suteikia apsaugin\u012f ir dr\u0117kinam\u0105 poveik\u012f. Rekomenduojame kasdieniam naudojimui, pradedant nuo trij\u0173 met\u0173. Idealiai tinka moterims turin\u010dioms jautri\u0105 gleivin\u0119 kietam vandeniui ir plovimo komponentams.Delika\u010diai apsaugo gleivin\u0119 nuo sausumo,leid\u017eia daugintis normaliai intymi\u0173 zon\u0173 mikroflorai ir ma\u017eina bakterij\u0173 ir grybelio atsiradim\u0105.Pasi\u017eymi prie\u0161u\u017edegiminiu poveikiu,\u0161alina sudirginimus ir paraudimus.Suteikia mink\u0161tinant\u012f ir regeneruojant\u012f poveik\u012f.<\/p>\n<p>Naudojimo b\u016bdas: naudoti nedidel\u012f kiek\u012f priemon\u0117s ant intymi\u0173 viet\u0173,nuplauti vandeniu.<\/p>\n<p>Saugoti nuo +5 &deg;\u0421&nbsp;iki +25 &deg;\u0421.<\/p>\n","protected":false},"excerpt":{"rendered":"<p>Sud\u0117tyje pieno r\u016bg\u0161tis, bisabololas, medetk\u0173 aliejus. Be muilo,spirito ir da\u017eikli\u0173. Suteikia apsaugin\u012f ir dr\u0117kinam\u0105 poveik\u012f. Rekomenduojame kasdieniam naudojimui, pradedant nuo trij\u0173 met\u0173. Idealiai tinka moterims turin\u010dioms jautri\u0105 gleivin\u0119 kietam vandeniui ir plovimo komponentams.Delika\u010diai apsaugo gleivin\u0119 nuo sausumo,leid\u017eia daugintis normaliai intymi\u0173 zon\u0173 mikroflorai ir ma\u017eina bakterij\u0173 ir grybelio atsiradim\u0105.Pasi\u017eymi prie\u0161u\u017edegiminiu poveikiu,\u0161alina sudirginimus ir paraudimus.Suteikia mink\u0161tinant\u012f ir [&#8230;]\n","protected":false},"featured_media":79638,"template":"","meta":[],"product_cat":[2181],"product_tag":[],"class_list":{"0":"post-32605","1":"product","2":"type-product","3":"status-publish","4":"has-post-thumbnail","6":"product_brand-elfa_ua-lt","7":"product_cat-bez-kategorijas-lt","9":"first","10":"instock","11":"taxable","12":"shipping-taxable","13":"product-type-simple"},"_links":{"self":[{"href":"https:\/\/e.kosmolat.eu\/lt\/wp-json\/wp\/v2\/product\/32605","targetHints":{"allow":["GET"]}}],"collection":[{"href":"https:\/\/e.kosmolat.eu\/lt\/wp-json\/wp\/v2\/product"}],"about":[{"href":"https:\/\/e.kosmolat.eu\/lt\/wp-json\/wp\/v2\/types\/product"}],"wp:featuredmedia":[{"embeddable":true,"href":"https:\/\/e.kosmolat.eu\/lt\/wp-json\/wp\/v2\/media\/79638"}],"wp:attachment":[{"href":"https:\/\/e.kosmolat.eu\/lt\/wp-json\/wp\/v2\/media?parent=32605"}],"wp:term":[{"taxonomy":"product_cat","embeddable":true,"href":"https:\/\/e.kosmolat.eu\/lt\/wp-json\/wp\/v2\/product_cat?post=32605"},{"taxonomy":"product_tag","embeddable":true,"href":"https:\/\/e.kosmolat.eu\/lt\/wp-json\/wp\/v2\/product_tag?post=32605"}],"curies":[{"name":"wp","href":"https:\/\/api.w.org\/{rel}","templated":true}]}}