{"id":32601,"date":"2023-12-21T17:21:55","date_gmt":"2023-12-21T17:21:55","guid":{"rendered":"https:\/\/e.kosmolat.eu\/product\/dr-s-femme-intime-gels-intimai-higienai-maiga-kopsana-230-ml\/"},"modified":"2026-04-22T11:30:46","modified_gmt":"2026-04-22T11:30:46","slug":"dr-s-femme-intime-gels-intimai-higienai-maiga-kopsana-230-ml","status":"publish","type":"product","link":"https:\/\/e.kosmolat.eu\/lt\/produktas\/dr-s-femme-intime-gels-intimai-higienai-maiga-kopsana-230-ml\/","title":{"rendered":"DR. SANTE FEMME INTIME Gelis intymiai higienai \u0160velni prie\u017ei\u016bra, 230 ml"},"content":{"rendered":"<p>Sud\u0117tyje pieno r\u016bg\u0161tis,ramun\u0117l\u0117,alantoinas.Be muilo,spirito ir da\u017eikli\u0173.Suteikia apsaugin\u012f ir dr\u0117kinam\u0105 poveik\u012f.Rekomenduojame kasdieniam naudojimui,pradedant nuo trij\u0173 met\u0173.Delika\u010diai valo gleivin\u0119,nesausina,suteikia daugintis normaliai intymi\u0173 zon\u0173 mikroflorai ir \u0161alina bakterij\u0173 ir grybelio atsiradim\u0105.Suteikia prie\u0161u\u017edegimin\u012f poveik\u012f,\u0161alina dirginimus ir paraudimus.Raminamas poveikis ir \u0161alina nemalon\u0173 kvap\u0105.<\/p>\n<p>NAUDOJIMAS:naudoti nedidel\u012f kiek\u012f priemon\u0117s ant intymios vietos,nuplaukite vandeniu.<\/p>\n<p>Saugoti nuo +5C iki +25C.<\/p>\n","protected":false},"excerpt":{"rendered":"<p>Sud\u0117tyje pieno r\u016bg\u0161tis,ramun\u0117l\u0117,alantoinas.Be muilo,spirito ir da\u017eikli\u0173.Suteikia apsaugin\u012f ir dr\u0117kinam\u0105 poveik\u012f.Rekomenduojame kasdieniam naudojimui,pradedant nuo trij\u0173 met\u0173.Delika\u010diai valo gleivin\u0119,nesausina,suteikia daugintis normaliai intymi\u0173 zon\u0173 mikroflorai ir \u0161alina bakterij\u0173 ir grybelio atsiradim\u0105.Suteikia prie\u0161u\u017edegimin\u012f poveik\u012f,\u0161alina dirginimus ir paraudimus.Raminamas poveikis ir \u0161alina nemalon\u0173 kvap\u0105. NAUDOJIMAS:naudoti nedidel\u012f kiek\u012f priemon\u0117s ant intymios vietos,nuplaukite vandeniu. Saugoti nuo +5C iki +25C.<\/p>\n","protected":false},"featured_media":79634,"template":"","meta":[],"product_cat":[2181],"product_tag":[],"class_list":{"0":"post-32601","1":"product","2":"type-product","3":"status-publish","4":"has-post-thumbnail","6":"product_brand-elfa_ua-lt","7":"product_cat-bez-kategorijas-lt","9":"first","10":"instock","11":"taxable","12":"shipping-taxable","13":"product-type-simple"},"_links":{"self":[{"href":"https:\/\/e.kosmolat.eu\/lt\/wp-json\/wp\/v2\/product\/32601","targetHints":{"allow":["GET"]}}],"collection":[{"href":"https:\/\/e.kosmolat.eu\/lt\/wp-json\/wp\/v2\/product"}],"about":[{"href":"https:\/\/e.kosmolat.eu\/lt\/wp-json\/wp\/v2\/types\/product"}],"wp:featuredmedia":[{"embeddable":true,"href":"https:\/\/e.kosmolat.eu\/lt\/wp-json\/wp\/v2\/media\/79634"}],"wp:attachment":[{"href":"https:\/\/e.kosmolat.eu\/lt\/wp-json\/wp\/v2\/media?parent=32601"}],"wp:term":[{"taxonomy":"product_cat","embeddable":true,"href":"https:\/\/e.kosmolat.eu\/lt\/wp-json\/wp\/v2\/product_cat?post=32601"},{"taxonomy":"product_tag","embeddable":true,"href":"https:\/\/e.kosmolat.eu\/lt\/wp-json\/wp\/v2\/product_tag?post=32601"}],"curies":[{"name":"wp","href":"https:\/\/api.w.org\/{rel}","templated":true}]}}