{"id":32597,"date":"2023-12-21T17:21:33","date_gmt":"2023-12-21T17:21:33","guid":{"rendered":"https:\/\/e.kosmolat.eu\/product\/dr-s-femme-intime-gels-intimai-higienai-mitrinoss-230-ml\/"},"modified":"2026-04-23T11:41:27","modified_gmt":"2026-04-23T11:41:27","slug":"dr-s-femme-intime-gels-intimai-higienai-mitrinoss-230-ml","status":"publish","type":"product","link":"https:\/\/e.kosmolat.eu\/lt\/produktas\/dr-s-femme-intime-gels-intimai-higienai-mitrinoss-230-ml\/","title":{"rendered":"DR. SANTE FEMME INTIME Gelis intymiai higienai Dr\u0117kinantis 230ml"},"content":{"rendered":"<p>Sud\u0117tyje pieno r\u016bg\u0161tis,alijo\u0161ius,alantoinas.Be muilo,spirito ir da\u017eikli\u0173.Suteikia apsaugin\u012f ir dr\u0117kinam\u0105 poveik\u012f.Rekomenduojame kasdieniam naudojimui,pradedant nuo trij\u0173 met\u0173.Delika\u010diai saugo nuo sausumo,suteikia galimyb\u0119 daugintis intymiose zonose mikroflorai ir ma\u017eina patogenini\u0173 bakterij\u0173 ir grybelio atsiradimui.Prie\u0161u\u017edegiminis poveikis,\u0161alina sudirginimus ir paraudimus.Dr\u0117kina ir regeneruoja,efektyviai saugo nuo \u017ealingo aplinkos poveikio.<br \/>\nKasdieniam naudojimui.<\/p>\n<p>NAUDOJIMAS:naudokite nedidel\u012f kiek\u012f priemon\u0117s ant intymios zonos,nuplaukite vandeniu.<\/p>\n<p>SAUGOTI nuo +5C iki +25C.<\/p>\n","protected":false},"excerpt":{"rendered":"<p>Sud\u0117tyje pieno r\u016bg\u0161tis,alijo\u0161ius,alantoinas.Be muilo,spirito ir da\u017eikli\u0173.Suteikia apsaugin\u012f ir dr\u0117kinam\u0105 poveik\u012f.Rekomenduojame kasdieniam naudojimui,pradedant nuo trij\u0173 met\u0173.Delika\u010diai saugo nuo sausumo,suteikia galimyb\u0119 daugintis intymiose zonose mikroflorai ir ma\u017eina patogenini\u0173 bakterij\u0173 ir grybelio atsiradimui.Prie\u0161u\u017edegiminis poveikis,\u0161alina sudirginimus ir paraudimus.Dr\u0117kina ir regeneruoja,efektyviai saugo nuo \u017ealingo aplinkos poveikio. Kasdieniam naudojimui. NAUDOJIMAS:naudokite nedidel\u012f kiek\u012f priemon\u0117s ant intymios zonos,nuplaukite vandeniu. SAUGOTI nuo +5C iki [&#8230;]\n","protected":false},"featured_media":79630,"template":"","meta":[],"product_cat":[1374],"product_tag":[],"class_list":{"0":"post-32597","1":"product","2":"type-product","3":"status-publish","4":"has-post-thumbnail","6":"product_brand-elfa_ua-lt","7":"product_cat-intymi-higiena","9":"first","10":"instock","11":"taxable","12":"shipping-taxable","13":"product-type-simple"},"_links":{"self":[{"href":"https:\/\/e.kosmolat.eu\/lt\/wp-json\/wp\/v2\/product\/32597","targetHints":{"allow":["GET"]}}],"collection":[{"href":"https:\/\/e.kosmolat.eu\/lt\/wp-json\/wp\/v2\/product"}],"about":[{"href":"https:\/\/e.kosmolat.eu\/lt\/wp-json\/wp\/v2\/types\/product"}],"wp:featuredmedia":[{"embeddable":true,"href":"https:\/\/e.kosmolat.eu\/lt\/wp-json\/wp\/v2\/media\/79630"}],"wp:attachment":[{"href":"https:\/\/e.kosmolat.eu\/lt\/wp-json\/wp\/v2\/media?parent=32597"}],"wp:term":[{"taxonomy":"product_cat","embeddable":true,"href":"https:\/\/e.kosmolat.eu\/lt\/wp-json\/wp\/v2\/product_cat?post=32597"},{"taxonomy":"product_tag","embeddable":true,"href":"https:\/\/e.kosmolat.eu\/lt\/wp-json\/wp\/v2\/product_tag?post=32597"}],"curies":[{"name":"wp","href":"https:\/\/api.w.org\/{rel}","templated":true}]}}