{"id":32593,"date":"2023-12-21T17:21:11","date_gmt":"2023-12-21T17:21:11","guid":{"rendered":"https:\/\/e.kosmolat.eu\/product\/za-masazas-ella-sildosa-200-ml\/"},"modified":"2026-04-23T11:41:14","modified_gmt":"2026-04-23T11:41:14","slug":"gp-masazas-ella-sildosa-200-ml","status":"publish","type":"product","link":"https:\/\/e.kosmolat.eu\/lt\/produktas\/gp-masazas-ella-sildosa-200-ml\/","title":{"rendered":"GREEN PHARMACY Masa\u017einis aliejus, \u0161ildantis, 200 ml"},"content":{"rendered":"<p>Be konservant\u0173, be da\u017eikli\u0173, sud\u0117tyje yra eterini\u0173 aliej\u0173.<\/p>\n<p>Sukurtas masa\u017eui ir odos su&scaron;ildymui.<\/p>\n<p>Veikliosios med\u017eiagos: migdol\u0173 aliejus, apelsin\u0173 eterinis aliejus, cinamono ir juod\u0173j\u0173 pipir\u0173 eteriniai aliejai.<\/p>\n<p>U\u017etikrin\u0105 lengv\u0105 rank\u0173 slidim\u0105, gerai \u012fsigeria, nelipnus ant odos. Sustiprina limfos drena\u017eo veiksmus. &Scaron;alina toksinus ir patinim\u0105. Apr\u016bpina audinius naudingomis med\u017eiagomis.<\/p>\n<p><strong>Naudojimo b\u016bdas:&nbsp;<\/strong>Tinkamas visoms masa\u017eo r\u016b&scaron;ims. Prie&scaron; u\u017etepim\u0105 ant odos, su&scaron;ildyti aliej\u0173 delnuose.<\/p>\n<p><strong>D\u0117mesio: <\/strong>Kai kuriais atvejais, patek\u0119s ant odos, aliejus sukelia stipr\u0173 paraudim\u0105. Reakcija yra nat\u016brali.<\/p>\n<p><strong>Laikymo s\u0105lygos: <\/strong>nuo +5 &deg; C iki +25 &deg; C.<\/p>\n","protected":false},"excerpt":{"rendered":"<p>Be konservant\u0173, be da\u017eikli\u0173, sud\u0117tyje yra eterini\u0173 aliej\u0173. Sukurtas masa\u017eui ir odos su&scaron;ildymui. Veikliosios med\u017eiagos: migdol\u0173 aliejus, apelsin\u0173 eterinis aliejus, cinamono ir juod\u0173j\u0173 pipir\u0173 eteriniai aliejai. U\u017etikrin\u0105 lengv\u0105 rank\u0173 slidim\u0105, gerai \u012fsigeria, nelipnus ant odos. Sustiprina limfos drena\u017eo veiksmus. &Scaron;alina toksinus ir patinim\u0105. Apr\u016bpina audinius naudingomis med\u017eiagomis. Naudojimo b\u016bdas:&nbsp;Tinkamas visoms masa\u017eo r\u016b&scaron;ims. Prie&scaron; u\u017etepim\u0105 ant [&#8230;]\n","protected":false},"featured_media":79622,"template":"","meta":[],"product_cat":[1621],"product_tag":[],"class_list":{"0":"post-32593","1":"product","2":"type-product","3":"status-publish","4":"has-post-thumbnail","6":"product_brand-elfa_ua-lt","7":"product_cat-aliejai","9":"first","10":"instock","11":"taxable","12":"shipping-taxable","13":"product-type-simple"},"_links":{"self":[{"href":"https:\/\/e.kosmolat.eu\/lt\/wp-json\/wp\/v2\/product\/32593","targetHints":{"allow":["GET"]}}],"collection":[{"href":"https:\/\/e.kosmolat.eu\/lt\/wp-json\/wp\/v2\/product"}],"about":[{"href":"https:\/\/e.kosmolat.eu\/lt\/wp-json\/wp\/v2\/types\/product"}],"wp:featuredmedia":[{"embeddable":true,"href":"https:\/\/e.kosmolat.eu\/lt\/wp-json\/wp\/v2\/media\/79622"}],"wp:attachment":[{"href":"https:\/\/e.kosmolat.eu\/lt\/wp-json\/wp\/v2\/media?parent=32593"}],"wp:term":[{"taxonomy":"product_cat","embeddable":true,"href":"https:\/\/e.kosmolat.eu\/lt\/wp-json\/wp\/v2\/product_cat?post=32593"},{"taxonomy":"product_tag","embeddable":true,"href":"https:\/\/e.kosmolat.eu\/lt\/wp-json\/wp\/v2\/product_tag?post=32593"}],"curies":[{"name":"wp","href":"https:\/\/api.w.org\/{rel}","templated":true}]}}