{"id":32589,"date":"2023-12-21T17:20:52","date_gmt":"2023-12-21T17:20:52","guid":{"rendered":"https:\/\/e.kosmolat.eu\/product\/za-masazas-ella-neitrala-200-ml\/"},"modified":"2026-04-02T06:02:29","modified_gmt":"2026-04-02T06:02:29","slug":"gp-masazas-ella-neitrala-200-ml","status":"publish","type":"product","link":"https:\/\/e.kosmolat.eu\/lt\/produktas\/gp-masazas-ella-neitrala-200-ml\/","title":{"rendered":"GREEN PHARMACY Masa\u017einis aliejus, neutralus, 200 ml"},"content":{"rendered":"<p>Be konservant\u0173, be da\u017eikli\u0173, sud\u0117tyje yra eterini\u0173 aliej\u0173.<\/p>\n<p>Naudojamas kaip masa\u017eini\u0173 priemoni\u0173 pagrindas (ypa\u010d vaiki&scaron;k\u0173).<\/p>\n<p>Tinka visiems odos tipams. Aliejus lengvai pasiskirsto ant odos, nepalieka lipnumo ir sunkumo poj\u016b\u010di\u0173. Atgaivina saus\u0105 ir pleiskanojan\u010di\u0105 od\u0105.<\/p>\n<p><strong>Naudojimo b\u016bdas:&nbsp;<\/strong>&nbsp;Tinkamas visoms masa\u017eo r\u016b&scaron;ims. Prie&scaron; u\u017etepim\u0105 ant odos, su&scaron;ildyti aliej\u0173 delnuose.<\/p>\n<p><strong>Laikymo s\u0105lygos: <\/strong>nuo +5 &deg; C iki +25 &deg; C.<\/p>\n","protected":false},"excerpt":{"rendered":"<p>Be konservant\u0173, be da\u017eikli\u0173, sud\u0117tyje yra eterini\u0173 aliej\u0173. Naudojamas kaip masa\u017eini\u0173 priemoni\u0173 pagrindas (ypa\u010d vaiki&scaron;k\u0173). Tinka visiems odos tipams. Aliejus lengvai pasiskirsto ant odos, nepalieka lipnumo ir sunkumo poj\u016b\u010di\u0173. Atgaivina saus\u0105 ir pleiskanojan\u010di\u0105 od\u0105. Naudojimo b\u016bdas:&nbsp;&nbsp;Tinkamas visoms masa\u017eo r\u016b&scaron;ims. Prie&scaron; u\u017etepim\u0105 ant odos, su&scaron;ildyti aliej\u0173 delnuose. Laikymo s\u0105lygos: nuo +5 &deg; C iki +25 &deg; [&#8230;]\n","protected":false},"featured_media":104420,"template":"","meta":[],"product_cat":[2181],"product_tag":[],"class_list":{"0":"post-32589","1":"product","2":"type-product","3":"status-publish","4":"has-post-thumbnail","6":"product_brand-elfa_ua-lt","7":"product_cat-bez-kategorijas-lt","9":"first","10":"instock","11":"taxable","12":"shipping-taxable","13":"product-type-simple"},"_links":{"self":[{"href":"https:\/\/e.kosmolat.eu\/lt\/wp-json\/wp\/v2\/product\/32589","targetHints":{"allow":["GET"]}}],"collection":[{"href":"https:\/\/e.kosmolat.eu\/lt\/wp-json\/wp\/v2\/product"}],"about":[{"href":"https:\/\/e.kosmolat.eu\/lt\/wp-json\/wp\/v2\/types\/product"}],"wp:featuredmedia":[{"embeddable":true,"href":"https:\/\/e.kosmolat.eu\/lt\/wp-json\/wp\/v2\/media\/104420"}],"wp:attachment":[{"href":"https:\/\/e.kosmolat.eu\/lt\/wp-json\/wp\/v2\/media?parent=32589"}],"wp:term":[{"taxonomy":"product_cat","embeddable":true,"href":"https:\/\/e.kosmolat.eu\/lt\/wp-json\/wp\/v2\/product_cat?post=32589"},{"taxonomy":"product_tag","embeddable":true,"href":"https:\/\/e.kosmolat.eu\/lt\/wp-json\/wp\/v2\/product_tag?post=32589"}],"curies":[{"name":"wp","href":"https:\/\/api.w.org\/{rel}","templated":true}]}}