{"id":32585,"date":"2023-12-21T17:20:29","date_gmt":"2023-12-21T17:20:29","guid":{"rendered":"https:\/\/e.kosmolat.eu\/product\/za-sampuns-lielais-dizdadzis-pret-matu-izkrisanu-350-ml\/"},"modified":"2026-04-23T11:40:33","modified_gmt":"2026-04-23T11:40:33","slug":"gp-sampuns-pret-matu-izkrisanu-dizdadzis-un-kviesu-proteini-350-ml","status":"publish","type":"product","link":"https:\/\/e.kosmolat.eu\/lt\/produktas\/gp-sampuns-pret-matu-izkrisanu-dizdadzis-un-kviesu-proteini-350-ml\/","title":{"rendered":"GREEN PHARMACY \u0160amp\u016bnas Visiems plauk\u0173 tipams (did\u017eioji varnal\u0117\u0161a), 350 ml"},"content":{"rendered":"<p>Efektyviai valo ir pri\u017ei\u016bri plaukus ir galvos od\u0105, tinka vis\u0173 tip\u0173 plauk\u0173 prie\u017ei\u016brai. Did\u017eiosios varnal\u0117\u0161os \u0161akn\u0173 ekstraktas efektyviai veikia silpnus plauk\u0173 \u0161aknis, prisotina folikulas reikalingomis  naudingomis stiprinimui med\u017eiagomis. Pantenolis dr\u0117kina plaukus.<\/p>\n<p>NAUDOJIMO B\u016aDAS: U\u017etepti ant dr\u0117gn\u0173 plauk\u0173, \u0161velniai masa\u017euoti kol suputos, nuplauti vandeniu.<\/p>\n<p>ATSARGUMO PRIEMON\u0116S: Tink i\u0161oriniam naudojimui. Jei pateko \u012f akis, praplaukite vandeniu.<\/p>\n<p>LAIKYMO S\u0104LYGOS: nuo +5 \u00b0 C iki +25 \u00b0 C.<\/p>\n","protected":false},"excerpt":{"rendered":"<p>Efektyviai valo ir pri\u017ei\u016bri plaukus ir galvos od\u0105, tinka vis\u0173 tip\u0173 plauk\u0173 prie\u017ei\u016brai. Did\u017eiosios varnal\u0117\u0161os \u0161akn\u0173 ekstraktas efektyviai veikia silpnus plauk\u0173 \u0161aknis, prisotina folikulas reikalingomis naudingomis stiprinimui med\u017eiagomis. Pantenolis dr\u0117kina plaukus. NAUDOJIMO B\u016aDAS: U\u017etepti ant dr\u0117gn\u0173 plauk\u0173, \u0161velniai masa\u017euoti kol suputos, nuplauti vandeniu. ATSARGUMO PRIEMON\u0116S: Tink i\u0161oriniam naudojimui. Jei pateko \u012f akis, praplaukite vandeniu. LAIKYMO [&#8230;]\n","protected":false},"featured_media":78942,"template":"","meta":[],"product_cat":[1251],"product_tag":[],"class_list":{"0":"post-32585","1":"product","2":"type-product","3":"status-publish","4":"has-post-thumbnail","6":"product_brand-elfa_ua-lt","7":"product_cat-sampunai","9":"first","10":"instock","11":"taxable","12":"shipping-taxable","13":"product-type-simple"},"_links":{"self":[{"href":"https:\/\/e.kosmolat.eu\/lt\/wp-json\/wp\/v2\/product\/32585","targetHints":{"allow":["GET"]}}],"collection":[{"href":"https:\/\/e.kosmolat.eu\/lt\/wp-json\/wp\/v2\/product"}],"about":[{"href":"https:\/\/e.kosmolat.eu\/lt\/wp-json\/wp\/v2\/types\/product"}],"wp:featuredmedia":[{"embeddable":true,"href":"https:\/\/e.kosmolat.eu\/lt\/wp-json\/wp\/v2\/media\/78942"}],"wp:attachment":[{"href":"https:\/\/e.kosmolat.eu\/lt\/wp-json\/wp\/v2\/media?parent=32585"}],"wp:term":[{"taxonomy":"product_cat","embeddable":true,"href":"https:\/\/e.kosmolat.eu\/lt\/wp-json\/wp\/v2\/product_cat?post=32585"},{"taxonomy":"product_tag","embeddable":true,"href":"https:\/\/e.kosmolat.eu\/lt\/wp-json\/wp\/v2\/product_tag?post=32585"}],"curies":[{"name":"wp","href":"https:\/\/api.w.org\/{rel}","templated":true}]}}