{"id":32581,"date":"2023-12-21T17:20:10","date_gmt":"2023-12-21T17:20:10","guid":{"rendered":"https:\/\/e.kosmolat.eu\/product\/za-roku-krems-ar-smiltsersku-ellu-300-ml\/"},"modified":"2026-04-22T13:27:23","modified_gmt":"2026-04-22T13:27:23","slug":"gp-roku-krems-ekstr-saus-ad-ar-smiltserksku-ellu-300-ml","status":"publish","type":"product","link":"https:\/\/e.kosmolat.eu\/lt\/produktas\/gp-roku-krems-ekstr-saus-ad-ar-smiltserksku-ellu-300-ml\/","title":{"rendered":"GREEN PHARMACY Kremas i\u0161saus\u0117jusiai rank\u0173 odai, 300 ml"},"content":{"rendered":"<p>Kremas skirtas i\u0161saus\u0117jusiai rank\u0173 odai, linkusiai \u012f pleiskanojim\u0105 ir skilin\u0117jim\u0105, intensyviai maitina gilius odos sluoksnius, apsaugo nuo prie\u0161laikinio sen\u0117jimo ir rauk\u0161li\u0173 atsiradimo. Maitina, mink\u0161tina ir gydo smulkius \u012ftr\u016bkimus. Rank\u0173 oda atrodo pri\u017ei\u016br\u0117ta, gerai dr\u0117kinama, \u0161velni ir maloni.<\/p>\n<p>REKOMENDUOJAMA NAUDOTI: Labai sausai rank\u0173 odai, reikalaujan\u010diai atk\u016brimo.<\/p>\n<p>NAUDOJIMO B\u016aDAS: Krem\u0105 u\u017etepti ant \u0161varios odos \u0161velniais masa\u017euojan\u010diais judesiais.<\/p>\n<p>LAIKYMO S\u0104LYGOS: nuo +5 \u00b0 C iki +25 \u00b0 C.<\/p>\n","protected":false},"excerpt":{"rendered":"<p>Kremas skirtas i\u0161saus\u0117jusiai rank\u0173 odai, linkusiai \u012f pleiskanojim\u0105 ir skilin\u0117jim\u0105, intensyviai maitina gilius odos sluoksnius, apsaugo nuo prie\u0161laikinio sen\u0117jimo ir rauk\u0161li\u0173 atsiradimo. Maitina, mink\u0161tina ir gydo smulkius \u012ftr\u016bkimus. Rank\u0173 oda atrodo pri\u017ei\u016br\u0117ta, gerai dr\u0117kinama, \u0161velni ir maloni. REKOMENDUOJAMA NAUDOTI: Labai sausai rank\u0173 odai, reikalaujan\u010diai atk\u016brimo. NAUDOJIMO B\u016aDAS: Krem\u0105 u\u017etepti ant \u0161varios odos \u0161velniais masa\u017euojan\u010diais judesiais. [&#8230;]\n","protected":false},"featured_media":104400,"template":"","meta":[],"product_cat":[2181],"product_tag":[],"class_list":{"0":"post-32581","1":"product","2":"type-product","3":"status-publish","4":"has-post-thumbnail","6":"product_brand-elfa_ua-lt","7":"product_cat-bez-kategorijas-lt","9":"first","10":"instock","11":"taxable","12":"shipping-taxable","13":"product-type-simple"},"_links":{"self":[{"href":"https:\/\/e.kosmolat.eu\/lt\/wp-json\/wp\/v2\/product\/32581","targetHints":{"allow":["GET"]}}],"collection":[{"href":"https:\/\/e.kosmolat.eu\/lt\/wp-json\/wp\/v2\/product"}],"about":[{"href":"https:\/\/e.kosmolat.eu\/lt\/wp-json\/wp\/v2\/types\/product"}],"wp:featuredmedia":[{"embeddable":true,"href":"https:\/\/e.kosmolat.eu\/lt\/wp-json\/wp\/v2\/media\/104400"}],"wp:attachment":[{"href":"https:\/\/e.kosmolat.eu\/lt\/wp-json\/wp\/v2\/media?parent=32581"}],"wp:term":[{"taxonomy":"product_cat","embeddable":true,"href":"https:\/\/e.kosmolat.eu\/lt\/wp-json\/wp\/v2\/product_cat?post=32581"},{"taxonomy":"product_tag","embeddable":true,"href":"https:\/\/e.kosmolat.eu\/lt\/wp-json\/wp\/v2\/product_tag?post=32581"}],"curies":[{"name":"wp","href":"https:\/\/api.w.org\/{rel}","templated":true}]}}