{"id":32577,"date":"2023-12-21T17:19:50","date_gmt":"2023-12-21T17:19:50","guid":{"rendered":"https:\/\/e.kosmolat.eu\/product\/za-roku-krems-ar-malvu-un-liposomam-300-ml\/"},"modified":"2026-04-24T05:34:03","modified_gmt":"2026-04-24T05:34:03","slug":"gp-roku-krems-barosanaatjaun-300-ml","status":"publish","type":"product","link":"https:\/\/e.kosmolat.eu\/lt\/produktas\/gp-roku-krems-barosanaatjaun-300-ml\/","title":{"rendered":"GREEN PHARMACY Rank\u0173 kremas maitinimas ir atstatymas, 300 ml"},"content":{"rendered":"<p>Aktyvieji ingredientai:<br \/>\nmalvos ir arnikos ekstraktai, augaliniai ceramidai, \u0161altalanki\u0173 ir kokos\u0173 aliejai, alantoinas.<\/p>\n<p>Dermatologi\u0161kai patikrinta.<\/p>\n<p>Naudojimas:<br \/>\ntepti ant \u0161varios rank\u0173 odos masa\u017euojamaisiais judesiais, kol visi\u0161kai \u012fsigers.<\/p>\n","protected":false},"excerpt":{"rendered":"<p>Aktyvieji ingredientai: malvos ir arnikos ekstraktai, augaliniai ceramidai, \u0161altalanki\u0173 ir kokos\u0173 aliejai, alantoinas. Dermatologi\u0161kai patikrinta. Naudojimas: tepti ant \u0161varios rank\u0173 odos masa\u017euojamaisiais judesiais, kol visi\u0161kai \u012fsigers.<\/p>\n","protected":false},"featured_media":104476,"template":"","meta":[],"product_cat":[1304],"product_tag":[],"class_list":{"0":"post-32577","1":"product","2":"type-product","3":"status-publish","4":"has-post-thumbnail","6":"product_brand-elfa_ua-lt","7":"product_cat-ranku-prieziuros-kosmetika","9":"first","10":"instock","11":"taxable","12":"shipping-taxable","13":"product-type-simple"},"_links":{"self":[{"href":"https:\/\/e.kosmolat.eu\/lt\/wp-json\/wp\/v2\/product\/32577","targetHints":{"allow":["GET"]}}],"collection":[{"href":"https:\/\/e.kosmolat.eu\/lt\/wp-json\/wp\/v2\/product"}],"about":[{"href":"https:\/\/e.kosmolat.eu\/lt\/wp-json\/wp\/v2\/types\/product"}],"wp:featuredmedia":[{"embeddable":true,"href":"https:\/\/e.kosmolat.eu\/lt\/wp-json\/wp\/v2\/media\/104476"}],"wp:attachment":[{"href":"https:\/\/e.kosmolat.eu\/lt\/wp-json\/wp\/v2\/media?parent=32577"}],"wp:term":[{"taxonomy":"product_cat","embeddable":true,"href":"https:\/\/e.kosmolat.eu\/lt\/wp-json\/wp\/v2\/product_cat?post=32577"},{"taxonomy":"product_tag","embeddable":true,"href":"https:\/\/e.kosmolat.eu\/lt\/wp-json\/wp\/v2\/product_tag?post=32577"}],"curies":[{"name":"wp","href":"https:\/\/api.w.org\/{rel}","templated":true}]}}