{"id":32561,"date":"2023-12-21T17:18:49","date_gmt":"2023-12-21T17:18:49","guid":{"rendered":"https:\/\/e.kosmolat.eu\/product\/antibakterials-losjons-rokam-alveja-50-ml\/"},"modified":"2026-04-15T10:12:36","modified_gmt":"2026-04-15T10:12:36","slug":"vc-losjons-roku-higienai-alveja-50-ml","status":"publish","type":"product","link":"https:\/\/e.kosmolat.eu\/lt\/produktas\/vc-losjons-roku-higienai-alveja-50-ml\/","title":{"rendered":"VITAL CHARM rank\u0173 losjonas Alavijas, 50 ml"},"content":{"rendered":"<p>B\u016btinas kiekvienoje rankin\u0117je! Sukurtas valyti ir dezinfekuoti  rankas  be vandens, servet\u0117li\u0173 ar muilo. Gaivina, mink\u0161tina ir dr\u0117kina rankas. Sud\u0117tyje yra alkoholio, glicerino ir alavij7 ekstrakto.<\/p>\n<p>Naudojimas: u\u017epurk\u0161kite ant deln\u0173 ir trinkite, kol visi\u0161kai i\u0161d\u017eius (apie 30 sekund\u017ei\u0173).<\/p>\n<p>Atsargumo priemon\u0117s: naudokite pagal nurodymus.<br \/>\nLaikyti atokiai nuo ugnies ir vaikams bei naminiams gyv\u016bnams nepasiekiamoje vietoje. Tik i\u0161oriniam naudojimui. Patekus \u012f akis, gausiai praplauti vandeniu.<\/p>\n<p>Laikymo s\u0105lygos: laikyti sandariai u\u017edarytoje originalioje pakuot\u0117je, esant +5\u2013+25 \u00b0C temperat\u016brai ir ne didesnei kaip 75 % santykinei oro dr\u0117gmei, atokiau nuo \u0161ildymo prietais\u0173 ir ir tiesiogini\u0173 saul\u0117s spinduli\u0173.<\/p>\n<p>Geriausias: 24 m\u0117nesiai nuo pagaminimo datos.<\/p>\n","protected":false},"excerpt":{"rendered":"<p>B\u016btinas kiekvienoje rankin\u0117je! Sukurtas valyti ir dezinfekuoti rankas be vandens, servet\u0117li\u0173 ar muilo. Gaivina, mink\u0161tina ir dr\u0117kina rankas. Sud\u0117tyje yra alkoholio, glicerino ir alavij7 ekstrakto. Naudojimas: u\u017epurk\u0161kite ant deln\u0173 ir trinkite, kol visi\u0161kai i\u0161d\u017eius (apie 30 sekund\u017ei\u0173). Atsargumo priemon\u0117s: naudokite pagal nurodymus. Laikyti atokiai nuo ugnies ir vaikams bei naminiams gyv\u016bnams nepasiekiamoje vietoje. Tik i\u0161oriniam [&#8230;]\n","protected":false},"featured_media":105356,"template":"","meta":[],"product_cat":[2181],"product_tag":[],"class_list":{"0":"post-32561","1":"product","2":"type-product","3":"status-publish","4":"has-post-thumbnail","6":"product_brand-aqua-cosmetics_ua-lt","7":"product_cat-bez-kategorijas-lt","9":"first","10":"instock","11":"taxable","12":"shipping-taxable","13":"product-type-simple"},"_links":{"self":[{"href":"https:\/\/e.kosmolat.eu\/lt\/wp-json\/wp\/v2\/product\/32561","targetHints":{"allow":["GET"]}}],"collection":[{"href":"https:\/\/e.kosmolat.eu\/lt\/wp-json\/wp\/v2\/product"}],"about":[{"href":"https:\/\/e.kosmolat.eu\/lt\/wp-json\/wp\/v2\/types\/product"}],"wp:featuredmedia":[{"embeddable":true,"href":"https:\/\/e.kosmolat.eu\/lt\/wp-json\/wp\/v2\/media\/105356"}],"wp:attachment":[{"href":"https:\/\/e.kosmolat.eu\/lt\/wp-json\/wp\/v2\/media?parent=32561"}],"wp:term":[{"taxonomy":"product_cat","embeddable":true,"href":"https:\/\/e.kosmolat.eu\/lt\/wp-json\/wp\/v2\/product_cat?post=32561"},{"taxonomy":"product_tag","embeddable":true,"href":"https:\/\/e.kosmolat.eu\/lt\/wp-json\/wp\/v2\/product_tag?post=32561"}],"curies":[{"name":"wp","href":"https:\/\/api.w.org\/{rel}","templated":true}]}}