{"id":32557,"date":"2023-12-21T17:18:30","date_gmt":"2023-12-21T17:18:30","guid":{"rendered":"https:\/\/e.kosmolat.eu\/product\/antibakterials-gels-rokam-d-pantenols-50-ml\/"},"modified":"2026-04-16T08:53:03","modified_gmt":"2026-04-16T08:53:03","slug":"vc-gels-roku-higienai-d-pantenols-bez-smarzas-50-ml","status":"publish","type":"product","link":"https:\/\/e.kosmolat.eu\/lt\/produktas\/vc-gels-roku-higienai-d-pantenols-bez-smarzas-50-ml\/","title":{"rendered":"VITAL CHARM rank\u0173 higienos gelis su D-pantenoliu, be kvapikli\u0173, 50 ml"},"content":{"rendered":"<p>B\u016btinas kiekvienoje rankin\u0117je! Sukurtas valyti ir dezinfekuoti  rankas be vandens, servet\u0117li\u0173 ar muilo. Gaivina, mink\u0161tina ir dr\u0117kina rankas. Sud\u0117tyje yra alkoholio, glicerino ir D-pantenolio.<\/p>\n<p>Naudojimas: U\u017etepkite ant deln\u0173 ir trinkite, kol visi\u0161kai i\u0161d\u017eius (30 sekund\u017ei\u0173).<\/p>\n<p>Atsargumo priemon\u0117s: naudokite pagal nurodymus.<br \/>\nLaikyti atokiai nuo ugnies ir vaikams bei naminiams gyv\u016bnams nepasiekiamoje vietoje. Tik i\u0161oriniam naudojimui. Patekus \u012f akis, gausiai praplauti vandeniu.<\/p>\n<p>Laikymo s\u0105lygos: laikyti sandariai u\u017edarytoje originalioje pakuot\u0117je, esant +5\u2013+25 \u00b0C temperat\u016brai ir ne didesnei kaip 75 % santykinei oro dr\u0117gmei, atokiau nuo \u0161ildymo prietais\u0173 ir ir tiesiogini\u0173 saul\u0117s spinduli\u0173.<\/p>\n<p>Geriausias: 24 m\u0117nesiai nuo pagaminimo datos.<\/p>\n","protected":false},"excerpt":{"rendered":"<p>B\u016btinas kiekvienoje rankin\u0117je! Sukurtas valyti ir dezinfekuoti rankas be vandens, servet\u0117li\u0173 ar muilo. Gaivina, mink\u0161tina ir dr\u0117kina rankas. Sud\u0117tyje yra alkoholio, glicerino ir D-pantenolio. Naudojimas: U\u017etepkite ant deln\u0173 ir trinkite, kol visi\u0161kai i\u0161d\u017eius (30 sekund\u017ei\u0173). Atsargumo priemon\u0117s: naudokite pagal nurodymus. Laikyti atokiai nuo ugnies ir vaikams bei naminiams gyv\u016bnams nepasiekiamoje vietoje. Tik i\u0161oriniam naudojimui. Patekus [&#8230;]\n","protected":false},"featured_media":105352,"template":"","meta":[],"product_cat":[1304],"product_tag":[],"class_list":{"0":"post-32557","1":"product","2":"type-product","3":"status-publish","4":"has-post-thumbnail","6":"product_brand-aqua-cosmetics_ua-lt","7":"product_cat-ranku-prieziuros-kosmetika","9":"first","10":"instock","11":"taxable","12":"shipping-taxable","13":"product-type-simple"},"_links":{"self":[{"href":"https:\/\/e.kosmolat.eu\/lt\/wp-json\/wp\/v2\/product\/32557","targetHints":{"allow":["GET"]}}],"collection":[{"href":"https:\/\/e.kosmolat.eu\/lt\/wp-json\/wp\/v2\/product"}],"about":[{"href":"https:\/\/e.kosmolat.eu\/lt\/wp-json\/wp\/v2\/types\/product"}],"wp:featuredmedia":[{"embeddable":true,"href":"https:\/\/e.kosmolat.eu\/lt\/wp-json\/wp\/v2\/media\/105352"}],"wp:attachment":[{"href":"https:\/\/e.kosmolat.eu\/lt\/wp-json\/wp\/v2\/media?parent=32557"}],"wp:term":[{"taxonomy":"product_cat","embeddable":true,"href":"https:\/\/e.kosmolat.eu\/lt\/wp-json\/wp\/v2\/product_cat?post=32557"},{"taxonomy":"product_tag","embeddable":true,"href":"https:\/\/e.kosmolat.eu\/lt\/wp-json\/wp\/v2\/product_tag?post=32557"}],"curies":[{"name":"wp","href":"https:\/\/api.w.org\/{rel}","templated":true}]}}