{"id":32553,"date":"2023-12-21T17:18:13","date_gmt":"2023-12-21T17:18:13","guid":{"rendered":"https:\/\/e.kosmolat.eu\/product\/vannas-sals-magnijs-500-g\/"},"modified":"2026-04-22T09:54:37","modified_gmt":"2026-04-22T09:54:37","slug":"vannas-sals-magnijs-500-g","status":"publish","type":"product","link":"https:\/\/e.kosmolat.eu\/lt\/produktas\/vannas-sals-magnijs-500-g\/","title":{"rendered":"\u017delana Vonios druska (magnis), 500 g"},"content":{"rendered":"<p>Valo, gerina odos i\u0161vaizd\u0105, palaiko ger\u0105 jos b\u016bkl\u0119.<\/p>\n<p>Turi antialergin\u012f poveik\u012f.<br \/>\nMaudymasis vonioje su j\u016bros druska sustiprins od\u0105 ir jos apsaugin\u0119 funkcij\u0105, pa\u0161alins nuovarg\u012f, pagerins organizo tonus\u0105.\n<\/p>\n<h4>\nNAUDOJIMO B\u016aDAS: <\/h4>\n<p>Maudymuisi vonioje:i\u0161tirpinti 1\/2 pakelio vonios vandenyje (37-38\u00b0\u0421). Maudytis vonioje 10-15 minu\u010di\u0173.<br \/>\n-Rank\u0173 odos mink\u0161tinimui, nag\u0173 sustiprinimui:i\u0161tirpinti 25g (1 virtuvinis \u0161auk\u0161tas) druskos viename 1l vandens, arba 75g (3 virtuvinius \u0161auk\u0161tus) i\u0161tirpinti 3l vandens.<br \/>\n-Koj\u0173 odos mink\u0161tinimui: i\u0161tirpinti drusk\u0105 37-38\u00b0\u0421 vandenyje, \u012fmerkti kojas 15 minu\u010di\u0173.<\/p>\n","protected":false},"excerpt":{"rendered":"<p>Valo, gerina odos i\u0161vaizd\u0105, palaiko ger\u0105 jos b\u016bkl\u0119. Turi antialergin\u012f poveik\u012f. Maudymasis vonioje su j\u016bros druska sustiprins od\u0105 ir jos apsaugin\u0119 funkcij\u0105, pa\u0161alins nuovarg\u012f, pagerins organizo tonus\u0105. NAUDOJIMO B\u016aDAS: Maudymuisi vonioje:i\u0161tirpinti 1\/2 pakelio vonios vandenyje (37-38\u00b0\u0421). Maudytis vonioje 10-15 minu\u010di\u0173. -Rank\u0173 odos mink\u0161tinimui, nag\u0173 sustiprinimui:i\u0161tirpinti 25g (1 virtuvinis \u0161auk\u0161tas) druskos viename 1l vandens, arba 75g [&#8230;]\n","protected":false},"featured_media":78758,"template":"","meta":[],"product_cat":[2181],"product_tag":[],"class_list":{"0":"post-32553","1":"product","2":"type-product","3":"status-publish","4":"has-post-thumbnail","6":"product_brand-aqua-cosmetics_ua-lt","7":"product_cat-bez-kategorijas-lt","9":"first","10":"instock","11":"taxable","12":"shipping-taxable","13":"product-type-simple"},"_links":{"self":[{"href":"https:\/\/e.kosmolat.eu\/lt\/wp-json\/wp\/v2\/product\/32553","targetHints":{"allow":["GET"]}}],"collection":[{"href":"https:\/\/e.kosmolat.eu\/lt\/wp-json\/wp\/v2\/product"}],"about":[{"href":"https:\/\/e.kosmolat.eu\/lt\/wp-json\/wp\/v2\/types\/product"}],"wp:featuredmedia":[{"embeddable":true,"href":"https:\/\/e.kosmolat.eu\/lt\/wp-json\/wp\/v2\/media\/78758"}],"wp:attachment":[{"href":"https:\/\/e.kosmolat.eu\/lt\/wp-json\/wp\/v2\/media?parent=32553"}],"wp:term":[{"taxonomy":"product_cat","embeddable":true,"href":"https:\/\/e.kosmolat.eu\/lt\/wp-json\/wp\/v2\/product_cat?post=32553"},{"taxonomy":"product_tag","embeddable":true,"href":"https:\/\/e.kosmolat.eu\/lt\/wp-json\/wp\/v2\/product_tag?post=32553"}],"curies":[{"name":"wp","href":"https:\/\/api.w.org\/{rel}","templated":true}]}}