{"id":32549,"date":"2023-12-21T17:17:54","date_gmt":"2023-12-21T17:17:54","guid":{"rendered":"https:\/\/e.kosmolat.eu\/product\/vannas-sals-kalijs-500-g\/"},"modified":"2026-04-21T09:58:44","modified_gmt":"2026-04-21T09:58:44","slug":"vannas-sals-kalijs-500-g","status":"publish","type":"product","link":"https:\/\/e.kosmolat.eu\/lt\/produktas\/vannas-sals-kalijs-500-g\/","title":{"rendered":"\u017delana Vonios druska (kalis), 500g"},"content":{"rendered":"<p>Valo, gerina odos i\u0161vaizd\u0105, palaiko ger\u0105 jos b\u016bkl\u0119.<\/p>\n<p>Puikus kosmetinis poveikis odai. Pa\u0161alina nuovarg\u012f, gerina organizmo tonus\u0105. Druskos vonel\u0117 gali b\u016bti panaudota rank\u0173, p\u0117d\u0173 odos sumink\u0161tinimui, nag\u0173 stiprinimui.\n<\/p>\n<h4>\nNaudojimo b\u016bdas: <\/h4>\n<p>Maudymuisi vonioje:i\u0161tirpinti 1\/2 pakelio vonios vandenyje (37-38\u00b0\u0421). Maudytis vonioje 10-15 minu\u010di\u0173. Rank\u0173 odos mink\u0161tinimui, nag\u0173 sustiprinimui:i\u0161tirpinti 25g (1 virtuvinis \u0161auk\u0161tas) druskos viename 1l vandens, arba 75g (3 virtuvinius \u0161auk\u0161tus) i\u0161tirpinti 3l vandens. Koj\u0173 odos mink\u0161tinimui: i\u0161tirpinti drusk\u0105 37-38\u00b0\u0421 vandenyje, \u012fmerkti kojas 15 minu\u010di\u0173.<\/p>\n","protected":false},"excerpt":{"rendered":"<p>Valo, gerina odos i\u0161vaizd\u0105, palaiko ger\u0105 jos b\u016bkl\u0119. Puikus kosmetinis poveikis odai. Pa\u0161alina nuovarg\u012f, gerina organizmo tonus\u0105. Druskos vonel\u0117 gali b\u016bti panaudota rank\u0173, p\u0117d\u0173 odos sumink\u0161tinimui, nag\u0173 stiprinimui. Naudojimo b\u016bdas: Maudymuisi vonioje:i\u0161tirpinti 1\/2 pakelio vonios vandenyje (37-38\u00b0\u0421). Maudytis vonioje 10-15 minu\u010di\u0173. Rank\u0173 odos mink\u0161tinimui, nag\u0173 sustiprinimui:i\u0161tirpinti 25g (1 virtuvinis \u0161auk\u0161tas) druskos viename 1l vandens, arba [&#8230;]\n","protected":false},"featured_media":78754,"template":"","meta":[],"product_cat":[1612],"product_tag":[],"class_list":{"0":"post-32549","1":"product","2":"type-product","3":"status-publish","4":"has-post-thumbnail","6":"product_brand-aqua-cosmetics_ua-lt","7":"product_cat-putos-druska-vonios-bombos","9":"first","10":"instock","11":"taxable","12":"shipping-taxable","13":"product-type-simple"},"_links":{"self":[{"href":"https:\/\/e.kosmolat.eu\/lt\/wp-json\/wp\/v2\/product\/32549","targetHints":{"allow":["GET"]}}],"collection":[{"href":"https:\/\/e.kosmolat.eu\/lt\/wp-json\/wp\/v2\/product"}],"about":[{"href":"https:\/\/e.kosmolat.eu\/lt\/wp-json\/wp\/v2\/types\/product"}],"wp:featuredmedia":[{"embeddable":true,"href":"https:\/\/e.kosmolat.eu\/lt\/wp-json\/wp\/v2\/media\/78754"}],"wp:attachment":[{"href":"https:\/\/e.kosmolat.eu\/lt\/wp-json\/wp\/v2\/media?parent=32549"}],"wp:term":[{"taxonomy":"product_cat","embeddable":true,"href":"https:\/\/e.kosmolat.eu\/lt\/wp-json\/wp\/v2\/product_cat?post=32549"},{"taxonomy":"product_tag","embeddable":true,"href":"https:\/\/e.kosmolat.eu\/lt\/wp-json\/wp\/v2\/product_tag?post=32549"}],"curies":[{"name":"wp","href":"https:\/\/api.w.org\/{rel}","templated":true}]}}