{"id":32541,"date":"2023-12-21T17:17:15","date_gmt":"2023-12-21T17:17:15","guid":{"rendered":"https:\/\/e.kosmolat.eu\/product\/srk-krems-kajam-kirbis-un-kukur-ella-mikstinoss-80-ml\/"},"modified":"2025-09-19T16:09:15","modified_gmt":"2025-09-19T16:09:15","slug":"srk-krems-kajam-kirbis-un-kukur-ella-mikstinoss-80-ml","status":"publish","type":"product","link":"https:\/\/e.kosmolat.eu\/lt\/produktas\/srk-krems-kajam-kirbis-un-kukur-ella-mikstinoss-80-ml\/","title":{"rendered":"STO RECEPTOV KRASOTI Koj\u0173 kremas Auksinis moli\u016bgas ir kukuruz\u0173 aliejus mink\u0161tinantis, 80 ml"},"content":{"rendered":"<p>Efektyviai mink\u0161tina ir atstato saus\u0105 koj\u0173 od\u0105, pa\u0161alina pleiskanojim\u0105si, veikia gijim\u0105 ir vitaminizuoja od\u0105. <\/p>\n<p>NAUDOJIMO B\u016aDAS: Nedidel\u012f kremo kiek\u012f tepkite ant \u0161vari\u0173 p\u0117d\u0173 ir lengvai masa\u017euokite. Naudoti pagal reikal\u0105.<\/p>\n","protected":false},"excerpt":{"rendered":"<p>Efektyviai mink\u0161tina ir atstato saus\u0105 koj\u0173 od\u0105, pa\u0161alina pleiskanojim\u0105si, veikia gijim\u0105 ir vitaminizuoja od\u0105. NAUDOJIMO B\u016aDAS: Nedidel\u012f kremo kiek\u012f tepkite ant \u0161vari\u0173 p\u0117d\u0173 ir lengvai masa\u017euokite. Naudoti pagal reikal\u0105.<\/p>\n","protected":false},"featured_media":79382,"template":"","meta":[],"product_cat":[1763],"product_tag":[],"class_list":{"0":"post-32541","1":"product","2":"type-product","3":"status-publish","4":"has-post-thumbnail","6":"product_brand-unilever-rus-lt","7":"product_cat-koju-prieziuros-kosmetika","9":"first","10":"outofstock","11":"taxable","12":"shipping-taxable","13":"product-type-simple"},"_links":{"self":[{"href":"https:\/\/e.kosmolat.eu\/lt\/wp-json\/wp\/v2\/product\/32541","targetHints":{"allow":["GET"]}}],"collection":[{"href":"https:\/\/e.kosmolat.eu\/lt\/wp-json\/wp\/v2\/product"}],"about":[{"href":"https:\/\/e.kosmolat.eu\/lt\/wp-json\/wp\/v2\/types\/product"}],"wp:featuredmedia":[{"embeddable":true,"href":"https:\/\/e.kosmolat.eu\/lt\/wp-json\/wp\/v2\/media\/79382"}],"wp:attachment":[{"href":"https:\/\/e.kosmolat.eu\/lt\/wp-json\/wp\/v2\/media?parent=32541"}],"wp:term":[{"taxonomy":"product_cat","embeddable":true,"href":"https:\/\/e.kosmolat.eu\/lt\/wp-json\/wp\/v2\/product_cat?post=32541"},{"taxonomy":"product_tag","embeddable":true,"href":"https:\/\/e.kosmolat.eu\/lt\/wp-json\/wp\/v2\/product_tag?post=32541"}],"curies":[{"name":"wp","href":"https:\/\/api.w.org\/{rel}","templated":true}]}}