{"id":32537,"date":"2023-12-21T17:16:56","date_gmt":"2023-12-21T17:16:56","guid":{"rendered":"https:\/\/e.kosmolat.eu\/product\/br-roku-krems-makadamijas-greznums-80-ml\/"},"modified":"2025-09-19T16:18:29","modified_gmt":"2025-09-19T16:18:29","slug":"br-roku-krems-makadamijas-greznums-80-ml","status":"publish","type":"product","link":"https:\/\/e.kosmolat.eu\/lt\/produktas\/br-roku-krems-makadamijas-greznums-80-ml\/","title":{"rendered":"BARCHATNYJE RU\u010cKI Rank\u0173 kremas Makadamijos rie\u0161uto prabanga, 80 ml"},"content":{"rendered":"<p>Rank\u0173 kremas su makadamijos rie\u0161uto aliejumi. Maitina od\u0105, turi antioksidantini\u0173 savybi\u0173, greitai \u012fsigeria. Makadamijos rie\u0161uto aliejus turi daug maitinan\u010di\u0173 med\u017eiag\u0173, atstato pa\u017eeist\u0105 od\u0105 ir stiprina apsaugines funkcijas, kad oda ilgam i\u0161likt\u0173 jauna. Rezultatas: aksomin\u0117 oda. Be dirbtini\u0173 da\u017eikli\u0173.<\/p>\n<p>NAUDOJIMAS: tepkite ryte ir vakare. Po atidarymo naudoti 6 m\u0117n.<\/p>\n","protected":false},"excerpt":{"rendered":"<p>Rank\u0173 kremas su makadamijos rie\u0161uto aliejumi. Maitina od\u0105, turi antioksidantini\u0173 savybi\u0173, greitai \u012fsigeria. Makadamijos rie\u0161uto aliejus turi daug maitinan\u010di\u0173 med\u017eiag\u0173, atstato pa\u017eeist\u0105 od\u0105 ir stiprina apsaugines funkcijas, kad oda ilgam i\u0161likt\u0173 jauna. Rezultatas: aksomin\u0117 oda. Be dirbtini\u0173 da\u017eikli\u0173. NAUDOJIMAS: tepkite ryte ir vakare. Po atidarymo naudoti 6 m\u0117n.<\/p>\n","protected":false},"featured_media":79542,"template":"","meta":[],"product_cat":[1304],"product_tag":[],"class_list":{"0":"post-32537","1":"product","2":"type-product","3":"status-publish","4":"has-post-thumbnail","6":"product_brand-unilever-rus-lt","7":"product_cat-ranku-prieziuros-kosmetika","9":"first","10":"outofstock","11":"taxable","12":"shipping-taxable","13":"product-type-simple"},"_links":{"self":[{"href":"https:\/\/e.kosmolat.eu\/lt\/wp-json\/wp\/v2\/product\/32537","targetHints":{"allow":["GET"]}}],"collection":[{"href":"https:\/\/e.kosmolat.eu\/lt\/wp-json\/wp\/v2\/product"}],"about":[{"href":"https:\/\/e.kosmolat.eu\/lt\/wp-json\/wp\/v2\/types\/product"}],"wp:featuredmedia":[{"embeddable":true,"href":"https:\/\/e.kosmolat.eu\/lt\/wp-json\/wp\/v2\/media\/79542"}],"wp:attachment":[{"href":"https:\/\/e.kosmolat.eu\/lt\/wp-json\/wp\/v2\/media?parent=32537"}],"wp:term":[{"taxonomy":"product_cat","embeddable":true,"href":"https:\/\/e.kosmolat.eu\/lt\/wp-json\/wp\/v2\/product_cat?post=32537"},{"taxonomy":"product_tag","embeddable":true,"href":"https:\/\/e.kosmolat.eu\/lt\/wp-json\/wp\/v2\/product_tag?post=32537"}],"curies":[{"name":"wp","href":"https:\/\/api.w.org\/{rel}","templated":true}]}}