{"id":32533,"date":"2023-12-21T17:16:33","date_gmt":"2023-12-21T17:16:33","guid":{"rendered":"https:\/\/e.kosmolat.eu\/product\/cl-sampuns-stiprin-natre-visiem-matu-tipiem-250-ml\/"},"modified":"2025-09-19T16:09:31","modified_gmt":"2025-09-19T16:09:31","slug":"cl-sampuns-stiprin-natre-visiem-matu-tipiem-250-ml","status":"publish","type":"product","link":"https:\/\/e.kosmolat.eu\/lt\/produktas\/cl-sampuns-stiprin-natre-visiem-matu-tipiem-250-ml\/","title":{"rendered":"\u010cISTAJA LINIJA \u0160amp\u016bnas Stiprinantis, 250 ml"},"content":{"rendered":"<p>Nauja formul\u0117 NATURE PLUS 5 ekstraktai ir aliejai (verben\u0173, \u0161alavij\u0173 &nbsp;er\u0161k\u0117tuogi\u0173 ekstraktai, migdol\u0173 ir lin\u0173 aliejus). Aktyv\u016bs nat\u016bral\u016bs ingredientai apsaugo nuo plauk\u0173 slinkimo, maitina ir saugo plaukus nuo pa\u017eeidim\u0173.&nbsp;<\/p>\n<p>Dviguba dilg\u0117l\u0117s koncentracija, stiprina plauk\u0173 \u0161aknis, skatina j\u0173 augim\u0105, apsaugo nuo slinkimo.<\/p>\n<p><strong>Naudojimo b\u016bdas:<\/strong> nu\u017etepkite ant dr\u0117gn\u0173 plauk\u0173, sukelkite putas, tada nuplaukite vandeniu.<\/p>\n","protected":false},"excerpt":{"rendered":"<p>Nauja formul\u0117 NATURE PLUS 5 ekstraktai ir aliejai (verben\u0173, \u0161alavij\u0173 &nbsp;er\u0161k\u0117tuogi\u0173 ekstraktai, migdol\u0173 ir lin\u0173 aliejus). Aktyv\u016bs nat\u016bral\u016bs ingredientai apsaugo nuo plauk\u0173 slinkimo, maitina ir saugo plaukus nuo pa\u017eeidim\u0173.&nbsp; Dviguba dilg\u0117l\u0117s koncentracija, stiprina plauk\u0173 \u0161aknis, skatina j\u0173 augim\u0105, apsaugo nuo slinkimo. Naudojimo b\u016bdas: nu\u017etepkite ant dr\u0117gn\u0173 plauk\u0173, sukelkite putas, tada nuplaukite vandeniu.<\/p>\n","protected":false},"featured_media":79394,"template":"","meta":[],"product_cat":[1251],"product_tag":[],"class_list":{"0":"post-32533","1":"product","2":"type-product","3":"status-publish","4":"has-post-thumbnail","6":"product_brand-unilever-rus-lt","7":"product_cat-sampunai","9":"first","10":"outofstock","11":"taxable","12":"shipping-taxable","13":"product-type-simple"},"_links":{"self":[{"href":"https:\/\/e.kosmolat.eu\/lt\/wp-json\/wp\/v2\/product\/32533","targetHints":{"allow":["GET"]}}],"collection":[{"href":"https:\/\/e.kosmolat.eu\/lt\/wp-json\/wp\/v2\/product"}],"about":[{"href":"https:\/\/e.kosmolat.eu\/lt\/wp-json\/wp\/v2\/types\/product"}],"wp:featuredmedia":[{"embeddable":true,"href":"https:\/\/e.kosmolat.eu\/lt\/wp-json\/wp\/v2\/media\/79394"}],"wp:attachment":[{"href":"https:\/\/e.kosmolat.eu\/lt\/wp-json\/wp\/v2\/media?parent=32533"}],"wp:term":[{"taxonomy":"product_cat","embeddable":true,"href":"https:\/\/e.kosmolat.eu\/lt\/wp-json\/wp\/v2\/product_cat?post=32533"},{"taxonomy":"product_tag","embeddable":true,"href":"https:\/\/e.kosmolat.eu\/lt\/wp-json\/wp\/v2\/product_tag?post=32533"}],"curies":[{"name":"wp","href":"https:\/\/api.w.org\/{rel}","templated":true}]}}