{"id":32529,"date":"2023-12-21T17:16:12","date_gmt":"2023-12-21T17:16:12","guid":{"rendered":"https:\/\/e.kosmolat.eu\/product\/cl-losjons-toniks-norm-jaukta-tipa-adai-rudzupuke-100-ml\/"},"modified":"2025-09-19T17:05:41","modified_gmt":"2025-09-19T17:05:41","slug":"cl-losjons-toniks-norm-jaukta-tipa-adai-rudzupuke-100-ml","status":"publish","type":"product","link":"https:\/\/e.kosmolat.eu\/lt\/produktas\/cl-losjons-toniks-norm-jaukta-tipa-adai-rudzupuke-100-ml\/","title":{"rendered":"\u010cISTAJA LINIJA Losjonas-tonikas normaliai ir mi\u0161riai odai  vaistini\u0173 \u017eoleli\u0173 nuoviro pagrindu Rugiag"},"content":{"rendered":"<p>Losjonas-tonikas + hialuronas. vaista\u017eoli\u0173 nuoviro pagrindu + rugiag\u0117li\u0173 ekstraktas. Dr\u0117kinimas ir gaivumas. Normaliai ir mi\u0161riai odai.<\/p>\n<p><strong>Naudojimas: <\/strong>u\u017etepkite losjon\u0105-tonik\u0105 ant vatos diskelio ir nuvalykite veid\u0105 bei kakl\u0105 i\u0161ilgai masa\u017eo linij\u0173.<\/p>\n<p>Tai n\u0117ra vaistinis preparatas. D\u0117l nat\u016brali\u0173 ingredient\u0173 kiekio gali atsirasti nedideli\u0173 nuos\u0117d\u0173. Tai nturi \u012ftakos gaminio kokybei ir saugai. Prie\u0161 naudojim\u0105 rekomenduojame buteliuk\u0105 pakratyti.<br \/>\n&nbsp;<\/p>\n","protected":false},"excerpt":{"rendered":"<p>Losjonas-tonikas + hialuronas. vaista\u017eoli\u0173 nuoviro pagrindu + rugiag\u0117li\u0173 ekstraktas. Dr\u0117kinimas ir gaivumas. Normaliai ir mi\u0161riai odai. Naudojimas: u\u017etepkite losjon\u0105-tonik\u0105 ant vatos diskelio ir nuvalykite veid\u0105 bei kakl\u0105 i\u0161ilgai masa\u017eo linij\u0173. Tai n\u0117ra vaistinis preparatas. D\u0117l nat\u016brali\u0173 ingredient\u0173 kiekio gali atsirasti nedideli\u0173 nuos\u0117d\u0173. Tai nturi \u012ftakos gaminio kokybei ir saugai. Prie\u0161 naudojim\u0105 rekomenduojame buteliuk\u0105 pakratyti. &nbsp;<\/p>\n","protected":false},"featured_media":80450,"template":"","meta":[],"product_cat":[1580],"product_tag":[],"class_list":{"0":"post-32529","1":"product","2":"type-product","3":"status-publish","4":"has-post-thumbnail","6":"product_brand-unilever-rus-lt","7":"product_cat-losjonai-ir-tonikai","9":"first","10":"outofstock","11":"taxable","12":"shipping-taxable","13":"product-type-simple"},"_links":{"self":[{"href":"https:\/\/e.kosmolat.eu\/lt\/wp-json\/wp\/v2\/product\/32529","targetHints":{"allow":["GET"]}}],"collection":[{"href":"https:\/\/e.kosmolat.eu\/lt\/wp-json\/wp\/v2\/product"}],"about":[{"href":"https:\/\/e.kosmolat.eu\/lt\/wp-json\/wp\/v2\/types\/product"}],"wp:featuredmedia":[{"embeddable":true,"href":"https:\/\/e.kosmolat.eu\/lt\/wp-json\/wp\/v2\/media\/80450"}],"wp:attachment":[{"href":"https:\/\/e.kosmolat.eu\/lt\/wp-json\/wp\/v2\/media?parent=32529"}],"wp:term":[{"taxonomy":"product_cat","embeddable":true,"href":"https:\/\/e.kosmolat.eu\/lt\/wp-json\/wp\/v2\/product_cat?post=32529"},{"taxonomy":"product_tag","embeddable":true,"href":"https:\/\/e.kosmolat.eu\/lt\/wp-json\/wp\/v2\/product_tag?post=32529"}],"curies":[{"name":"wp","href":"https:\/\/api.w.org\/{rel}","templated":true}]}}