{"id":32525,"date":"2023-12-21T17:15:45","date_gmt":"2023-12-21T17:15:45","guid":{"rendered":"https:\/\/e.kosmolat.eu\/product\/cl-krems-pret-pinnem-ideala-ada-40-ml\/"},"modified":"2025-09-19T16:17:11","modified_gmt":"2025-09-19T16:17:11","slug":"cl-krems-pret-pinnem-ideala-ada-40-ml","status":"publish","type":"product","link":"https:\/\/e.kosmolat.eu\/lt\/produktas\/cl-krems-pret-pinnem-ideala-ada-40-ml\/","title":{"rendered":"\u010cISTAJA LINIJA Veido kremas nuo spuog\u0173 Ideali oda, 40 ml"},"content":{"rendered":"<p>Kremas nuo spuog\u0173. Tinka probleminei veido odai.<br \/>\nCinkas, arbatmedis.<br \/>\nKremas greitai pa\u0161alina u\u017edegim\u0105 ir p\u0117dsakas nuo spuog\u0173, neleid\u017eia atsirasti naujiems spuogams. Nesausina ir netraukia odos.<br \/>\nDermatolog\u0173 patikrintas.<\/p>\n<p>Cinkas &#8211; reguliuoja riebalini\u0173 liauk\u0173 veikl\u0105, arbatmedis &#8211; valo od\u0105, turi raminan\u010di\u0173 savybi\u0173.<br \/>\nOda tampa lygi, \u0161vari ir gra\u017ei.\n<\/p>\n<h4>\nNAUDOJIMO B\u016aDAS: <\/h4>\n<p>ryte ir vakare tepkite kremo ant \u0161varios veido odos.<br \/>\nTinka kaip makia\u017eo pagrindas.<\/p>\n<p>Po atidarymo naudoti 6 m\u0117n.<\/p>\n","protected":false},"excerpt":{"rendered":"<p>Kremas nuo spuog\u0173. Tinka probleminei veido odai. Cinkas, arbatmedis. Kremas greitai pa\u0161alina u\u017edegim\u0105 ir p\u0117dsakas nuo spuog\u0173, neleid\u017eia atsirasti naujiems spuogams. Nesausina ir netraukia odos. Dermatolog\u0173 patikrintas. Cinkas &#8211; reguliuoja riebalini\u0173 liauk\u0173 veikl\u0105, arbatmedis &#8211; valo od\u0105, turi raminan\u010di\u0173 savybi\u0173. Oda tampa lygi, \u0161vari ir gra\u017ei. NAUDOJIMO B\u016aDAS: ryte ir vakare tepkite kremo ant \u0161varios [&#8230;]\n","protected":false},"featured_media":79518,"template":"","meta":[],"product_cat":[1322],"product_tag":[],"class_list":{"0":"post-32525","1":"product","2":"type-product","3":"status-publish","4":"has-post-thumbnail","6":"product_brand-unilever-rus-lt","7":"product_cat-veido-kremai","9":"first","10":"outofstock","11":"taxable","12":"shipping-taxable","13":"product-type-simple"},"_links":{"self":[{"href":"https:\/\/e.kosmolat.eu\/lt\/wp-json\/wp\/v2\/product\/32525","targetHints":{"allow":["GET"]}}],"collection":[{"href":"https:\/\/e.kosmolat.eu\/lt\/wp-json\/wp\/v2\/product"}],"about":[{"href":"https:\/\/e.kosmolat.eu\/lt\/wp-json\/wp\/v2\/types\/product"}],"wp:featuredmedia":[{"embeddable":true,"href":"https:\/\/e.kosmolat.eu\/lt\/wp-json\/wp\/v2\/media\/79518"}],"wp:attachment":[{"href":"https:\/\/e.kosmolat.eu\/lt\/wp-json\/wp\/v2\/media?parent=32525"}],"wp:term":[{"taxonomy":"product_cat","embeddable":true,"href":"https:\/\/e.kosmolat.eu\/lt\/wp-json\/wp\/v2\/product_cat?post=32525"},{"taxonomy":"product_tag","embeddable":true,"href":"https:\/\/e.kosmolat.eu\/lt\/wp-json\/wp\/v2\/product_tag?post=32525"}],"curies":[{"name":"wp","href":"https:\/\/api.w.org\/{rel}","templated":true}]}}