{"id":32517,"date":"2023-12-21T17:15:01","date_gmt":"2023-12-21T17:15:01","guid":{"rendered":"https:\/\/e.kosmolat.eu\/product\/cl-roku-krems-aizsardziba-un-kopsana-sos-75-ml\/"},"modified":"2025-09-19T17:06:08","modified_gmt":"2025-09-19T17:06:08","slug":"cl-roku-krems-aizsardziba-un-kopsana-sos-75-ml","status":"publish","type":"product","link":"https:\/\/e.kosmolat.eu\/lt\/produktas\/cl-roku-krems-aizsardziba-un-kopsana-sos-75-ml\/","title":{"rendered":"\u010cISTAJA LINIJA Rank\u0173 kremas Apsauga ir prie\u017ei\u016bra, 75 ml"},"content":{"rendered":"<p>Apsaugo \u0161velni\u0105 rank\u0173 od\u0105 nuo kenksming\u0173 aplinkos faktori\u0173. Turi antibakterin\u012f ir raminant\u012f poveikius, sustiprina apsaugines odos funkcijas. Mink\u0161tina od\u0105, suteikia jai lygum\u0105 ir stangrum\u0105. <\/p>\n<h4>Naudojimo b\u016bdas: <\/h4>\n<p>u\u017etepkite ant \u0161varios rank\u0173 odos. Kremas idealiai tinka kasdieniniam naudojimui.<\/p>\n","protected":false},"excerpt":{"rendered":"<p>Apsaugo \u0161velni\u0105 rank\u0173 od\u0105 nuo kenksming\u0173 aplinkos faktori\u0173. Turi antibakterin\u012f ir raminant\u012f poveikius, sustiprina apsaugines odos funkcijas. Mink\u0161tina od\u0105, suteikia jai lygum\u0105 ir stangrum\u0105. Naudojimo b\u016bdas: u\u017etepkite ant \u0161varios rank\u0173 odos. Kremas idealiai tinka kasdieniniam naudojimui.<\/p>\n","protected":false},"featured_media":80458,"template":"","meta":[],"product_cat":[1304],"product_tag":[],"class_list":{"0":"post-32517","1":"product","2":"type-product","3":"status-publish","4":"has-post-thumbnail","6":"product_brand-unilever-rus-lt","7":"product_cat-ranku-prieziuros-kosmetika","9":"first","10":"outofstock","11":"taxable","12":"shipping-taxable","13":"product-type-simple"},"_links":{"self":[{"href":"https:\/\/e.kosmolat.eu\/lt\/wp-json\/wp\/v2\/product\/32517","targetHints":{"allow":["GET"]}}],"collection":[{"href":"https:\/\/e.kosmolat.eu\/lt\/wp-json\/wp\/v2\/product"}],"about":[{"href":"https:\/\/e.kosmolat.eu\/lt\/wp-json\/wp\/v2\/types\/product"}],"wp:featuredmedia":[{"embeddable":true,"href":"https:\/\/e.kosmolat.eu\/lt\/wp-json\/wp\/v2\/media\/80458"}],"wp:attachment":[{"href":"https:\/\/e.kosmolat.eu\/lt\/wp-json\/wp\/v2\/media?parent=32517"}],"wp:term":[{"taxonomy":"product_cat","embeddable":true,"href":"https:\/\/e.kosmolat.eu\/lt\/wp-json\/wp\/v2\/product_cat?post=32517"},{"taxonomy":"product_tag","embeddable":true,"href":"https:\/\/e.kosmolat.eu\/lt\/wp-json\/wp\/v2\/product_tag?post=32517"}],"curies":[{"name":"wp","href":"https:\/\/api.w.org\/{rel}","templated":true}]}}