{"id":32513,"date":"2023-12-21T17:14:39","date_gmt":"2023-12-21T17:14:39","guid":{"rendered":"https:\/\/e.kosmolat.eu\/product\/cl-roku-krems-ar-alvejas-sulu-intensiva-mitrinasana-75-ml\/"},"modified":"2025-09-19T17:06:38","modified_gmt":"2025-09-19T17:06:38","slug":"cl-roku-krems-ar-alvejas-sulu-intensiva-mitrinasana-75-ml","status":"publish","type":"product","link":"https:\/\/e.kosmolat.eu\/lt\/produktas\/cl-roku-krems-ar-alvejas-sulu-intensiva-mitrinasana-75-ml\/","title":{"rendered":"\u010cISTAJA LINIJA Rank\u0173 prie\u017ei\u016bros kremas Intensyvus dr\u0117kinimas Alavij\u0173 sultys, 75 ml"},"content":{"rendered":"<p>Kremo sud\u0117tyje yra esencija NATURE PLUS 5 i\u0161 aliej\u0173 ir ekstrakt\u0173 (verben\u0173 ekstraktas, bij\u016bn\u0173 ekstraktas, migdol\u0173, lin\u0173, alyvuogi\u0173 aliejus) + hialuronas. Aktyv\u016bs nat\u016bral\u016bs ingredientai giliai dr\u0117kina rank\u0173 od\u0105, tod\u0117l ji tampa \u0161velni ir lygi. Alavij\u0173 sultys intensyviai dr\u0117kina ir sulaiko dr\u0117gm\u0119 odoje. Veiksmingai ir visam laikui pa\u0161alina i\u0161saus\u0117jusi\u0105 od\u0105.<\/p>\n<p><strong>Naudojimas: <\/strong>Tepkite ant \u0161vari\u0173, saus\u0173 rank\u0173. Kremas idealiai tinka kasdieniam naudojimui.<\/p>\n","protected":false},"excerpt":{"rendered":"<p>Kremo sud\u0117tyje yra esencija NATURE PLUS 5 i\u0161 aliej\u0173 ir ekstrakt\u0173 (verben\u0173 ekstraktas, bij\u016bn\u0173 ekstraktas, migdol\u0173, lin\u0173, alyvuogi\u0173 aliejus) + hialuronas. Aktyv\u016bs nat\u016bral\u016bs ingredientai giliai dr\u0117kina rank\u0173 od\u0105, tod\u0117l ji tampa \u0161velni ir lygi. Alavij\u0173 sultys intensyviai dr\u0117kina ir sulaiko dr\u0117gm\u0119 odoje. Veiksmingai ir visam laikui pa\u0161alina i\u0161saus\u0117jusi\u0105 od\u0105. Naudojimas: Tepkite ant \u0161vari\u0173, saus\u0173 rank\u0173. [&#8230;]\n","protected":false},"featured_media":80466,"template":"","meta":[],"product_cat":[1304],"product_tag":[],"class_list":{"0":"post-32513","1":"product","2":"type-product","3":"status-publish","4":"has-post-thumbnail","6":"product_brand-unilever-rus-lt","7":"product_cat-ranku-prieziuros-kosmetika","9":"first","10":"outofstock","11":"taxable","12":"shipping-taxable","13":"product-type-simple"},"_links":{"self":[{"href":"https:\/\/e.kosmolat.eu\/lt\/wp-json\/wp\/v2\/product\/32513","targetHints":{"allow":["GET"]}}],"collection":[{"href":"https:\/\/e.kosmolat.eu\/lt\/wp-json\/wp\/v2\/product"}],"about":[{"href":"https:\/\/e.kosmolat.eu\/lt\/wp-json\/wp\/v2\/types\/product"}],"wp:featuredmedia":[{"embeddable":true,"href":"https:\/\/e.kosmolat.eu\/lt\/wp-json\/wp\/v2\/media\/80466"}],"wp:attachment":[{"href":"https:\/\/e.kosmolat.eu\/lt\/wp-json\/wp\/v2\/media?parent=32513"}],"wp:term":[{"taxonomy":"product_cat","embeddable":true,"href":"https:\/\/e.kosmolat.eu\/lt\/wp-json\/wp\/v2\/product_cat?post=32513"},{"taxonomy":"product_tag","embeddable":true,"href":"https:\/\/e.kosmolat.eu\/lt\/wp-json\/wp\/v2\/product_tag?post=32513"}],"curies":[{"name":"wp","href":"https:\/\/api.w.org\/{rel}","templated":true}]}}