{"id":32509,"date":"2023-12-21T17:14:18","date_gmt":"2023-12-21T17:14:18","guid":{"rendered":"https:\/\/e.kosmolat.eu\/product\/cz-acu-plakstinu-kr-serums-no-56-gadu-vec-17-ml\/"},"modified":"2025-09-19T16:16:19","modified_gmt":"2025-09-19T16:16:19","slug":"cz-acu-plakstinu-kr-serums-no-56-gadu-vec-17-ml","status":"publish","type":"product","link":"https:\/\/e.kosmolat.eu\/lt\/produktas\/cz-acu-plakstinu-kr-serums-no-56-gadu-vec-17-ml\/","title":{"rendered":"\u010cIORNYJ \u017dEM\u010cIUG Vok\u0173 kremas &#8211; serumas Programa nuo 56 met\u0173, 17 g"},"content":{"rendered":"<p>UV-apsauga. Jauninimas Self-complex36. Ma\u017eina rauk\u0161leles, kompleksi\u0161kai atnaujina od\u0105, \u0161alina paburkimus, \u0161viesina tamsius ratilus. Sud\u0117tyje yra antioksidant\u0173, vidinio streso panaikinimui ir apsaugai nuo pagrindini\u0173 sen\u0117jimo prie\u017eas\u010di\u0173. <\/p>\n<h4>Naudojimas: <\/h4>\n<p>ryte ir vakare krem\u0105-serum\u0105 lengvais judesiais tepkite nuo vidin\u0117s vok\u0173 pus\u0117s link i\u0161orin\u0117s, netepant \u0161alia blakstien\u0173, kad nepatekt\u0173 ant aki\u0173 gleivin\u0117s. Esant padid\u0117jusiam odos jautrumui rekomenduojama pirm\u0105 kart\u0105 pabandyti nedideliu kiekiu patepti apatin\u012f vok\u0105. Nepasirod\u017eius sudirginimui per 24 valandas, naudokite kaip nurodyta rekomendacijoje.<\/p>\n","protected":false},"excerpt":{"rendered":"<p>UV-apsauga. Jauninimas Self-complex36. Ma\u017eina rauk\u0161leles, kompleksi\u0161kai atnaujina od\u0105, \u0161alina paburkimus, \u0161viesina tamsius ratilus. Sud\u0117tyje yra antioksidant\u0173, vidinio streso panaikinimui ir apsaugai nuo pagrindini\u0173 sen\u0117jimo prie\u017eas\u010di\u0173. Naudojimas: ryte ir vakare krem\u0105-serum\u0105 lengvais judesiais tepkite nuo vidin\u0117s vok\u0173 pus\u0117s link i\u0161orin\u0117s, netepant \u0161alia blakstien\u0173, kad nepatekt\u0173 ant aki\u0173 gleivin\u0117s. Esant padid\u0117jusiam odos jautrumui rekomenduojama pirm\u0105 kart\u0105 pabandyti [&#8230;]\n","protected":false},"featured_media":79502,"template":"","meta":[],"product_cat":[1322],"product_tag":[],"class_list":{"0":"post-32509","1":"product","2":"type-product","3":"status-publish","4":"has-post-thumbnail","6":"product_brand-unilever-rus-lt","7":"product_cat-veido-kremai","9":"first","10":"outofstock","11":"taxable","12":"shipping-taxable","13":"product-type-simple"},"_links":{"self":[{"href":"https:\/\/e.kosmolat.eu\/lt\/wp-json\/wp\/v2\/product\/32509","targetHints":{"allow":["GET"]}}],"collection":[{"href":"https:\/\/e.kosmolat.eu\/lt\/wp-json\/wp\/v2\/product"}],"about":[{"href":"https:\/\/e.kosmolat.eu\/lt\/wp-json\/wp\/v2\/types\/product"}],"wp:featuredmedia":[{"embeddable":true,"href":"https:\/\/e.kosmolat.eu\/lt\/wp-json\/wp\/v2\/media\/79502"}],"wp:attachment":[{"href":"https:\/\/e.kosmolat.eu\/lt\/wp-json\/wp\/v2\/media?parent=32509"}],"wp:term":[{"taxonomy":"product_cat","embeddable":true,"href":"https:\/\/e.kosmolat.eu\/lt\/wp-json\/wp\/v2\/product_cat?post=32509"},{"taxonomy":"product_tag","embeddable":true,"href":"https:\/\/e.kosmolat.eu\/lt\/wp-json\/wp\/v2\/product_tag?post=32509"}],"curies":[{"name":"wp","href":"https:\/\/api.w.org\/{rel}","templated":true}]}}