{"id":32493,"date":"2023-12-21T17:13:05","date_gmt":"2023-12-21T17:13:05","guid":{"rendered":"https:\/\/e.kosmolat.eu\/product\/i_zelana-spa-aromatizets-sals-vannai-bambuss-un-savvalas-zale-300-g\/"},"modified":"2025-09-19T15:13:13","modified_gmt":"2025-09-19T15:13:13","slug":"i_zelana-spa-aromatizets-sals-vannai-bambuss-un-savvalas-zale-300-g","status":"publish","type":"product","link":"https:\/\/e.kosmolat.eu\/lt\/produktas\/i_zelana-spa-aromatizets-sals-vannai-bambuss-un-savvalas-zale-300-g\/","title":{"rendered":"\u017dELANA SPA Therapy Aromatizuota vonios druska bambukas ir laukin\u0117s \u017eol\u0117s, 300 g"},"content":{"rendered":"<p>Tonizuojanti SPA vonia su egzoti&scaron;ku aromatu pa&scaron;alins nuovarg\u012f ir suteiks lengvumo jausm\u0105 visame k\u016bne.<\/p>\n<p><strong>Naudojimas:<\/strong>&nbsp;I&scaron;tirpinkite 100 g (4 v.&scaron;.) druskos vonios vandenyje. Maudykit\u0117s vonioje 15-20 minu\u010di\u0173.<\/p>\n","protected":false},"excerpt":{"rendered":"<p>Tonizuojanti SPA vonia su egzoti&scaron;ku aromatu pa&scaron;alins nuovarg\u012f ir suteiks lengvumo jausm\u0105 visame k\u016bne. Naudojimas:&nbsp;I&scaron;tirpinkite 100 g (4 v.&scaron;.) druskos vonios vandenyje. Maudykit\u0117s vonioje 15-20 minu\u010di\u0173.<\/p>\n","protected":false},"featured_media":78518,"template":"","meta":[],"product_cat":[1612],"product_tag":[],"class_list":{"0":"post-32493","1":"product","2":"type-product","3":"status-publish","4":"has-post-thumbnail","6":"product_brand-aqua-cosmetics_ua-lt","7":"product_cat-putos-druska-vonios-bombos","9":"first","10":"outofstock","11":"taxable","12":"shipping-taxable","13":"product-type-simple"},"_links":{"self":[{"href":"https:\/\/e.kosmolat.eu\/lt\/wp-json\/wp\/v2\/product\/32493","targetHints":{"allow":["GET"]}}],"collection":[{"href":"https:\/\/e.kosmolat.eu\/lt\/wp-json\/wp\/v2\/product"}],"about":[{"href":"https:\/\/e.kosmolat.eu\/lt\/wp-json\/wp\/v2\/types\/product"}],"wp:featuredmedia":[{"embeddable":true,"href":"https:\/\/e.kosmolat.eu\/lt\/wp-json\/wp\/v2\/media\/78518"}],"wp:attachment":[{"href":"https:\/\/e.kosmolat.eu\/lt\/wp-json\/wp\/v2\/media?parent=32493"}],"wp:term":[{"taxonomy":"product_cat","embeddable":true,"href":"https:\/\/e.kosmolat.eu\/lt\/wp-json\/wp\/v2\/product_cat?post=32493"},{"taxonomy":"product_tag","embeddable":true,"href":"https:\/\/e.kosmolat.eu\/lt\/wp-json\/wp\/v2\/product_tag?post=32493"}],"curies":[{"name":"wp","href":"https:\/\/api.w.org\/{rel}","templated":true}]}}