{"id":32489,"date":"2023-12-21T17:12:46","date_gmt":"2023-12-21T17:12:46","guid":{"rendered":"https:\/\/e.kosmolat.eu\/product\/i_zelana-spa-aromatizets-sals-vannai-medus-ar-pienu-300-g\/"},"modified":"2025-09-19T15:13:00","modified_gmt":"2025-09-19T15:13:00","slug":"i_zelana-spa-aromatizets-sals-vannai-medus-ar-pienu-300-g","status":"publish","type":"product","link":"https:\/\/e.kosmolat.eu\/lt\/produktas\/i_zelana-spa-aromatizets-sals-vannai-medus-ar-pienu-300-g\/","title":{"rendered":"\u017dELANA SPA Therapy Aromatizuota vonios druska Medus su pienu, 300 g"},"content":{"rendered":"<p>SPA su medumi u\u017etikrins nepamir&scaron;tam\u0105 malonum\u0105 proced\u016bros metu.<\/p>\n<p><strong>Naudojimas:<\/strong> I&scaron;tirpinkite 100 g (4 v.&scaron;.) druskos vonios vandenyje. Maudykit\u0117s vonioje 15-20 minu\u010di\u0173.<br \/>\n&nbsp;<\/p>\n","protected":false},"excerpt":{"rendered":"<p>SPA su medumi u\u017etikrins nepamir&scaron;tam\u0105 malonum\u0105 proced\u016bros metu. Naudojimas: I&scaron;tirpinkite 100 g (4 v.&scaron;.) druskos vonios vandenyje. Maudykit\u0117s vonioje 15-20 minu\u010di\u0173. &nbsp;<\/p>\n","protected":false},"featured_media":78514,"template":"","meta":[],"product_cat":[1612],"product_tag":[],"class_list":{"0":"post-32489","1":"product","2":"type-product","3":"status-publish","4":"has-post-thumbnail","6":"product_brand-aqua-cosmetics_ua-lt","7":"product_cat-putos-druska-vonios-bombos","9":"first","10":"outofstock","11":"taxable","12":"shipping-taxable","13":"product-type-simple"},"_links":{"self":[{"href":"https:\/\/e.kosmolat.eu\/lt\/wp-json\/wp\/v2\/product\/32489","targetHints":{"allow":["GET"]}}],"collection":[{"href":"https:\/\/e.kosmolat.eu\/lt\/wp-json\/wp\/v2\/product"}],"about":[{"href":"https:\/\/e.kosmolat.eu\/lt\/wp-json\/wp\/v2\/types\/product"}],"wp:featuredmedia":[{"embeddable":true,"href":"https:\/\/e.kosmolat.eu\/lt\/wp-json\/wp\/v2\/media\/78514"}],"wp:attachment":[{"href":"https:\/\/e.kosmolat.eu\/lt\/wp-json\/wp\/v2\/media?parent=32489"}],"wp:term":[{"taxonomy":"product_cat","embeddable":true,"href":"https:\/\/e.kosmolat.eu\/lt\/wp-json\/wp\/v2\/product_cat?post=32489"},{"taxonomy":"product_tag","embeddable":true,"href":"https:\/\/e.kosmolat.eu\/lt\/wp-json\/wp\/v2\/product_tag?post=32489"}],"curies":[{"name":"wp","href":"https:\/\/api.w.org\/{rel}","templated":true}]}}