{"id":32485,"date":"2023-12-21T17:11:33","date_gmt":"2023-12-21T17:11:33","guid":{"rendered":"https:\/\/e.kosmolat.eu\/product\/sals-vannam-ar-eterisku-ellu-piparmetra-500-g\/"},"modified":"2026-04-16T13:21:31","modified_gmt":"2026-04-16T13:21:31","slug":"sals-vannam-ar-eterisku-ellu-piparmetra-500-g","status":"publish","type":"product","link":"https:\/\/e.kosmolat.eu\/lt\/produktas\/sals-vannam-ar-eterisku-ellu-piparmetra-500-g\/","title":{"rendered":"\u017dELANA Vonios druska su m\u0117t\u0173 eteriniu aliejumi, 500 g"},"content":{"rendered":"<p>Aplinkai nekenksminga &scaron;vari j\u016bros druska yra turtingas nat\u016bralus druskos ir mikroelement\u0173 koncentratas, b\u016btinas normaliai vis\u0173 m\u016bs\u0173 k\u016bno organ\u0173 veiklai.<br \/>\nM\u0117tos yra pla\u010diai \u017einomos d\u0117l savo reto gaivinan\u010dio ir raminamojo poveikio derinio, susijusio su dideliu mentolio kiekiu jos eteriniame aliejuje. D\u0117l to m\u0117tos suteikia gaivumo ir \u017evalumo poj\u016bt\u012f, gr\u0105\u017eina odai &scaron;var\u0105 ir elastingum\u0105. Jo \u012ftakoje normalizuojasi nerv\u0173 ir kraujotakos sistem\u0173 veikla. Aromatin\u0117 vonia ma\u017eina nuovarg\u012f, stres\u0105, gerina darbingum\u0105 ir nuotaik\u0105.<\/p>\n<p><strong>Naudojimas: <\/strong>i&scaron;tirpinkite j\u016bros drusk\u0105 &scaron;iltame vandenyje (37 &ordm;\u0421 &#8211; 40 &ordm;\u0421) po vien\u0105 pakuot\u0119 (500 g) vonioje. M\u0117gaukit\u0117s vonia 15 minu\u010di\u0173. Nuplaukite od\u0105 tekan\u010diu vandeniu. Nenaudokite muilo. Po druskos vonios pagul\u0117kite 20 minu\u010di\u0173. Rekomenduojamas kursas: 8-10 voni\u0173 per 14-20 dien\u0173.<br \/>\n&nbsp;<\/p>\n","protected":false},"excerpt":{"rendered":"<p>Aplinkai nekenksminga &scaron;vari j\u016bros druska yra turtingas nat\u016bralus druskos ir mikroelement\u0173 koncentratas, b\u016btinas normaliai vis\u0173 m\u016bs\u0173 k\u016bno organ\u0173 veiklai. M\u0117tos yra pla\u010diai \u017einomos d\u0117l savo reto gaivinan\u010dio ir raminamojo poveikio derinio, susijusio su dideliu mentolio kiekiu jos eteriniame aliejuje. D\u0117l to m\u0117tos suteikia gaivumo ir \u017evalumo poj\u016bt\u012f, gr\u0105\u017eina odai &scaron;var\u0105 ir elastingum\u0105. Jo \u012ftakoje normalizuojasi [&#8230;]\n","protected":false},"featured_media":79342,"template":"","meta":[],"product_cat":[2181],"product_tag":[],"class_list":{"0":"post-32485","1":"product","2":"type-product","3":"status-publish","4":"has-post-thumbnail","6":"product_brand-aqua-cosmetics_ua-lt","7":"product_cat-bez-kategorijas-lt","9":"first","10":"instock","11":"taxable","12":"shipping-taxable","13":"product-type-simple"},"_links":{"self":[{"href":"https:\/\/e.kosmolat.eu\/lt\/wp-json\/wp\/v2\/product\/32485","targetHints":{"allow":["GET"]}}],"collection":[{"href":"https:\/\/e.kosmolat.eu\/lt\/wp-json\/wp\/v2\/product"}],"about":[{"href":"https:\/\/e.kosmolat.eu\/lt\/wp-json\/wp\/v2\/types\/product"}],"wp:featuredmedia":[{"embeddable":true,"href":"https:\/\/e.kosmolat.eu\/lt\/wp-json\/wp\/v2\/media\/79342"}],"wp:attachment":[{"href":"https:\/\/e.kosmolat.eu\/lt\/wp-json\/wp\/v2\/media?parent=32485"}],"wp:term":[{"taxonomy":"product_cat","embeddable":true,"href":"https:\/\/e.kosmolat.eu\/lt\/wp-json\/wp\/v2\/product_cat?post=32485"},{"taxonomy":"product_tag","embeddable":true,"href":"https:\/\/e.kosmolat.eu\/lt\/wp-json\/wp\/v2\/product_tag?post=32485"}],"curies":[{"name":"wp","href":"https:\/\/api.w.org\/{rel}","templated":true}]}}