{"id":32481,"date":"2023-12-21T17:08:35","date_gmt":"2023-12-21T17:08:35","guid":{"rendered":"https:\/\/e.kosmolat.eu\/product\/krems-sunisu-44-g\/"},"modified":"2026-04-13T10:12:36","modified_gmt":"2026-04-13T10:12:36","slug":"krems-sunisu-44-g","status":"publish","type":"product","link":"https:\/\/e.kosmolat.eu\/lt\/produktas\/krems-sunisu-44-g\/","title":{"rendered":"FITODOCTOR Veido kremas &#8220;Laki\u0161ius&#8221; tinka jautriai odai, 44 g"},"content":{"rendered":"<p>Tinka jautriai odai. Laki&scaron;iaus ekstraktas turi klasikin\u0117 antialergin\u0117 priemon\u0117, ypa\u010d tinka sudirgusiai ir pleiskanojan\u010diai odai. Glicerino ir sojos aliejaus kompleksas palaiko vandens balans\u0105, apsaugo nuo negatyvi\u0173 aplinkos faktori\u0173.<\/p>\n<p><strong>Naudojimas:<\/strong> Tepkite &scaron;vari\u0105 od\u0105.<\/p>\n<p><strong>Atsargumo priemon\u0117s: <\/strong>Tik i&scaron;oriniam naudojimui.<\/p>\n<p><strong>Laikymo s\u0105lygos:<\/strong> 0&deg;\u0421 iki +25&deg;\u0421.<\/p>\n","protected":false},"excerpt":{"rendered":"<p>Tinka jautriai odai. Laki&scaron;iaus ekstraktas turi klasikin\u0117 antialergin\u0117 priemon\u0117, ypa\u010d tinka sudirgusiai ir pleiskanojan\u010diai odai. Glicerino ir sojos aliejaus kompleksas palaiko vandens balans\u0105, apsaugo nuo negatyvi\u0173 aplinkos faktori\u0173. Naudojimas: Tepkite &scaron;vari\u0105 od\u0105. Atsargumo priemon\u0117s: Tik i&scaron;oriniam naudojimui. Laikymo s\u0105lygos: 0&deg;\u0421 iki +25&deg;\u0421.<\/p>\n","protected":false},"featured_media":79278,"template":"","meta":[],"product_cat":[2181],"product_tag":[],"class_list":{"0":"post-32481","1":"product","2":"type-product","3":"status-publish","4":"has-post-thumbnail","6":"product_brand-fitodoktor_ua-lt","7":"product_cat-bez-kategorijas-lt","9":"first","10":"outofstock","11":"taxable","12":"shipping-taxable","13":"product-type-simple"},"_links":{"self":[{"href":"https:\/\/e.kosmolat.eu\/lt\/wp-json\/wp\/v2\/product\/32481","targetHints":{"allow":["GET"]}}],"collection":[{"href":"https:\/\/e.kosmolat.eu\/lt\/wp-json\/wp\/v2\/product"}],"about":[{"href":"https:\/\/e.kosmolat.eu\/lt\/wp-json\/wp\/v2\/types\/product"}],"wp:featuredmedia":[{"embeddable":true,"href":"https:\/\/e.kosmolat.eu\/lt\/wp-json\/wp\/v2\/media\/79278"}],"wp:attachment":[{"href":"https:\/\/e.kosmolat.eu\/lt\/wp-json\/wp\/v2\/media?parent=32481"}],"wp:term":[{"taxonomy":"product_cat","embeddable":true,"href":"https:\/\/e.kosmolat.eu\/lt\/wp-json\/wp\/v2\/product_cat?post=32481"},{"taxonomy":"product_tag","embeddable":true,"href":"https:\/\/e.kosmolat.eu\/lt\/wp-json\/wp\/v2\/product_tag?post=32481"}],"curies":[{"name":"wp","href":"https:\/\/api.w.org\/{rel}","templated":true}]}}