{"id":32457,"date":"2023-12-21T17:07:05","date_gmt":"2023-12-21T17:07:05","guid":{"rendered":"https:\/\/e.kosmolat.eu\/product\/sampuns-balzams-abols-1-l\/"},"modified":"2026-04-01T06:59:49","modified_gmt":"2026-04-01T06:59:49","slug":"i_sampuns-balzams-abols-1-l","status":"publish","type":"product","link":"https:\/\/e.kosmolat.eu\/lt\/produktas\/i_sampuns-balzams-abols-1-l\/","title":{"rendered":"I_Plauk\u0173 \u0161amp\u016bnas-balzamas &#8220;Obuolys&#8221; (visiems plauk\u0173 tipams)"},"content":{"rendered":"<p>Obuoli\u0173 ekstraktas turi vaisi\u0173 va\u0161ko, kuris puikiai apsaugo plaukus nuo kenksming\u0173 aplinkos faktori\u0173, ir vaisi\u0173 r\u016bg\u0161ties, kuris suteikia plaukams blizges\u012f ir sveik\u0105 i\u0161vaizd\u0105. \u0160veln\u016bs komponentai gerai i\u0161valo plaukus, palaiko nat\u016bral\u0173 galvos odos vandens balans\u0105.<\/p>\n<p>NAUDOJIMO B\u016aDAS: nedidel\u012f \u0161amp\u016bno-balzamo kiek\u012f  u\u017etepkite ant dr\u0117gn\u0173 plauk\u0173, tada nuplaukite vandeniu.<\/p>\n<p>LAIKYMO S\u0104LYGOS: +5\u00b0\u0421 iki +25\u00b0\u0421.<\/p>\n","protected":false},"excerpt":{"rendered":"<p>Obuoli\u0173 ekstraktas turi vaisi\u0173 va\u0161ko, kuris puikiai apsaugo plaukus nuo kenksming\u0173 aplinkos faktori\u0173, ir vaisi\u0173 r\u016bg\u0161ties, kuris suteikia plaukams blizges\u012f ir sveik\u0105 i\u0161vaizd\u0105. \u0160veln\u016bs komponentai gerai i\u0161valo plaukus, palaiko nat\u016bral\u0173 galvos odos vandens balans\u0105. NAUDOJIMO B\u016aDAS: nedidel\u012f \u0161amp\u016bno-balzamo kiek\u012f u\u017etepkite ant dr\u0117gn\u0173 plauk\u0173, tada nuplaukite vandeniu. LAIKYMO S\u0104LYGOS: +5\u00b0\u0421 iki +25\u00b0\u0421.<\/p>\n","protected":false},"featured_media":79234,"template":"","meta":[],"product_cat":[1251],"product_tag":[],"class_list":{"0":"post-32457","1":"product","2":"type-product","3":"status-publish","4":"has-post-thumbnail","6":"product_brand-fitodoktor_ua-lt","7":"product_cat-sampunai","9":"first","10":"instock","11":"taxable","12":"shipping-taxable","13":"product-type-simple"},"_links":{"self":[{"href":"https:\/\/e.kosmolat.eu\/lt\/wp-json\/wp\/v2\/product\/32457","targetHints":{"allow":["GET"]}}],"collection":[{"href":"https:\/\/e.kosmolat.eu\/lt\/wp-json\/wp\/v2\/product"}],"about":[{"href":"https:\/\/e.kosmolat.eu\/lt\/wp-json\/wp\/v2\/types\/product"}],"wp:featuredmedia":[{"embeddable":true,"href":"https:\/\/e.kosmolat.eu\/lt\/wp-json\/wp\/v2\/media\/79234"}],"wp:attachment":[{"href":"https:\/\/e.kosmolat.eu\/lt\/wp-json\/wp\/v2\/media?parent=32457"}],"wp:term":[{"taxonomy":"product_cat","embeddable":true,"href":"https:\/\/e.kosmolat.eu\/lt\/wp-json\/wp\/v2\/product_cat?post=32457"},{"taxonomy":"product_tag","embeddable":true,"href":"https:\/\/e.kosmolat.eu\/lt\/wp-json\/wp\/v2\/product_tag?post=32457"}],"curies":[{"name":"wp","href":"https:\/\/api.w.org\/{rel}","templated":true}]}}