{"id":32445,"date":"2023-12-21T17:06:06","date_gmt":"2023-12-21T17:06:06","guid":{"rendered":"https:\/\/e.kosmolat.eu\/product\/sampuns-balzams-natre-1-l\/"},"modified":"2026-04-23T06:04:44","modified_gmt":"2026-04-23T06:04:44","slug":"sampuns-balzams-natre-1-l","status":"publish","type":"product","link":"https:\/\/e.kosmolat.eu\/lt\/produktas\/sampuns-balzams-natre-1-l\/","title":{"rendered":"\u0160amp\u016bnas-balzamas &#8220;Krapiva&#8221;, 1000 g"},"content":{"rendered":"<p>Dilgeli\u0173 ekstraktas turi biologi\u0161kai aktyvi\u0173j\u0173 med\u017eiag\u0173 kompleks\u0105, vitaminus C, B2, B3 ir \u00df-karotin\u0105, kurie puikiai maitina plauk\u0173 folikulus , dr\u0117kina plaukus, suteikia blizges\u012f, stiprum\u0105, gra\u017ei\u0105 i\u0161vaizd\u0105. \u0160veln\u016bs komponentai gerai i\u0161valo plaukus, palaiko nat\u016bral\u0173 galvos odos vandens balans\u0105.<\/p>\n<p>NAUDOJIMO B\u016aDAS: nedidel\u012f \u0161amp\u016bno-balzamo kiek\u012f  u\u017etepkite ant dr\u0117gn\u0173 plauk\u0173, tada nuplaukite vandeniu.<\/p>\n<p>LAIKYMO S\u0104LYGOS: +5\u00b0\u0421 iki +25\u00b0\u0421.<\/p>\n","protected":false},"excerpt":{"rendered":"<p>Dilgeli\u0173 ekstraktas turi biologi\u0161kai aktyvi\u0173j\u0173 med\u017eiag\u0173 kompleks\u0105, vitaminus C, B2, B3 ir \u00df-karotin\u0105, kurie puikiai maitina plauk\u0173 folikulus , dr\u0117kina plaukus, suteikia blizges\u012f, stiprum\u0105, gra\u017ei\u0105 i\u0161vaizd\u0105. \u0160veln\u016bs komponentai gerai i\u0161valo plaukus, palaiko nat\u016bral\u0173 galvos odos vandens balans\u0105. NAUDOJIMO B\u016aDAS: nedidel\u012f \u0161amp\u016bno-balzamo kiek\u012f u\u017etepkite ant dr\u0117gn\u0173 plauk\u0173, tada nuplaukite vandeniu. LAIKYMO S\u0104LYGOS: +5\u00b0\u0421 iki +25\u00b0\u0421.<\/p>\n","protected":false},"featured_media":79218,"template":"","meta":[],"product_cat":[1251],"product_tag":[],"class_list":{"0":"post-32445","1":"product","2":"type-product","3":"status-publish","4":"has-post-thumbnail","6":"product_brand-fitodoktor_ua-lt","7":"product_cat-sampunai","9":"first","10":"outofstock","11":"taxable","12":"shipping-taxable","13":"product-type-simple"},"_links":{"self":[{"href":"https:\/\/e.kosmolat.eu\/lt\/wp-json\/wp\/v2\/product\/32445","targetHints":{"allow":["GET"]}}],"collection":[{"href":"https:\/\/e.kosmolat.eu\/lt\/wp-json\/wp\/v2\/product"}],"about":[{"href":"https:\/\/e.kosmolat.eu\/lt\/wp-json\/wp\/v2\/types\/product"}],"wp:featuredmedia":[{"embeddable":true,"href":"https:\/\/e.kosmolat.eu\/lt\/wp-json\/wp\/v2\/media\/79218"}],"wp:attachment":[{"href":"https:\/\/e.kosmolat.eu\/lt\/wp-json\/wp\/v2\/media?parent=32445"}],"wp:term":[{"taxonomy":"product_cat","embeddable":true,"href":"https:\/\/e.kosmolat.eu\/lt\/wp-json\/wp\/v2\/product_cat?post=32445"},{"taxonomy":"product_tag","embeddable":true,"href":"https:\/\/e.kosmolat.eu\/lt\/wp-json\/wp\/v2\/product_tag?post=32445"}],"curies":[{"name":"wp","href":"https:\/\/api.w.org\/{rel}","templated":true}]}}