{"id":32441,"date":"2023-12-21T17:05:46","date_gmt":"2023-12-21T17:05:46","guid":{"rendered":"https:\/\/e.kosmolat.eu\/product\/sampuns-balzams-klingerite-1-l\/"},"modified":"2026-04-24T05:55:34","modified_gmt":"2026-04-24T05:55:34","slug":"sampuns-balzams-klingerite-1-l","status":"publish","type":"product","link":"https:\/\/e.kosmolat.eu\/lt\/produktas\/sampuns-balzams-klingerite-1-l\/","title":{"rendered":"Plauk\u0173 \u0161amp\u016bnas-balzamas &#8220;Medetka&#8221; (visiems plauk\u0173 tipams)"},"content":{"rendered":"<p>Medetkos ekstraktas turi biologi\u0161kai aktyvi\u0173j\u0173 med\u017eiag\u0173 kompleks\u0105, vitamin\u0105 C ir \u00df-karotin\u0105, kurie palankiai veikia jautri\u0105 galvos od\u0105, pa\u0161alina u\u017edegim\u0105 ir pleiskanojim\u0105, suteikia sveik\u0105 i\u0161vaizd\u0105. \u0160veln\u016bs komponentai gerai i\u0161valo plaukus, palaiko nat\u016bral\u0173 galvos odos vandens balans\u0105.<\/p>\n<p>NAUDOJIMO B\u016aDAS: nedidel\u012f \u0161amp\u016bno-balzamo kiek\u012f  u\u017etepkite ant dr\u0117gn\u0173 plauk\u0173, tada nuplaukite vandeniu.<\/p>\n<p>LAIKYMO S\u0104LYGOS: +5\u00b0\u0421 iki +25\u00b0\u0421.<\/p>\n","protected":false},"excerpt":{"rendered":"<p>Medetkos ekstraktas turi biologi\u0161kai aktyvi\u0173j\u0173 med\u017eiag\u0173 kompleks\u0105, vitamin\u0105 C ir \u00df-karotin\u0105, kurie palankiai veikia jautri\u0105 galvos od\u0105, pa\u0161alina u\u017edegim\u0105 ir pleiskanojim\u0105, suteikia sveik\u0105 i\u0161vaizd\u0105. \u0160veln\u016bs komponentai gerai i\u0161valo plaukus, palaiko nat\u016bral\u0173 galvos odos vandens balans\u0105. NAUDOJIMO B\u016aDAS: nedidel\u012f \u0161amp\u016bno-balzamo kiek\u012f u\u017etepkite ant dr\u0117gn\u0173 plauk\u0173, tada nuplaukite vandeniu. LAIKYMO S\u0104LYGOS: +5\u00b0\u0421 iki +25\u00b0\u0421.<\/p>\n","protected":false},"featured_media":79214,"template":"","meta":[],"product_cat":[1251],"product_tag":[],"class_list":{"0":"post-32441","1":"product","2":"type-product","3":"status-publish","4":"has-post-thumbnail","6":"product_brand-fitodoktor_ua-lt","7":"product_cat-sampunai","9":"first","10":"instock","11":"taxable","12":"shipping-taxable","13":"product-type-simple"},"_links":{"self":[{"href":"https:\/\/e.kosmolat.eu\/lt\/wp-json\/wp\/v2\/product\/32441","targetHints":{"allow":["GET"]}}],"collection":[{"href":"https:\/\/e.kosmolat.eu\/lt\/wp-json\/wp\/v2\/product"}],"about":[{"href":"https:\/\/e.kosmolat.eu\/lt\/wp-json\/wp\/v2\/types\/product"}],"wp:featuredmedia":[{"embeddable":true,"href":"https:\/\/e.kosmolat.eu\/lt\/wp-json\/wp\/v2\/media\/79214"}],"wp:attachment":[{"href":"https:\/\/e.kosmolat.eu\/lt\/wp-json\/wp\/v2\/media?parent=32441"}],"wp:term":[{"taxonomy":"product_cat","embeddable":true,"href":"https:\/\/e.kosmolat.eu\/lt\/wp-json\/wp\/v2\/product_cat?post=32441"},{"taxonomy":"product_tag","embeddable":true,"href":"https:\/\/e.kosmolat.eu\/lt\/wp-json\/wp\/v2\/product_tag?post=32441"}],"curies":[{"name":"wp","href":"https:\/\/api.w.org\/{rel}","templated":true}]}}