{"id":32437,"date":"2023-12-21T17:05:25","date_gmt":"2023-12-21T17:05:25","guid":{"rendered":"https:\/\/e.kosmolat.eu\/product\/sampuns-balzams-alveja-1-l\/"},"modified":"2026-04-22T12:24:52","modified_gmt":"2026-04-22T12:24:52","slug":"sampuns-balzams-alveja-1-l","status":"publish","type":"product","link":"https:\/\/e.kosmolat.eu\/lt\/produktas\/sampuns-balzams-alveja-1-l\/","title":{"rendered":"Plauk\u0173 \u0161amp\u016bnas-balzamas &#8220;Alijo\u0161ius&#8221; (visiems plauk\u0173 tipams)"},"content":{"rendered":"<p>Alijo\u0161iaus ekstraktas turi biologi\u0161kai aktyvi\u0173j\u0173 med\u017eiag\u0173 kompleks\u0105, kuris skatina plauk\u0173 augim\u0105, neleid\u017eia plaukams l\u016b\u017ein\u0117ti ir skilin\u0117ti. \u0160veln\u016bs komponentai gerai i\u0161valo plaukus, palaiko nat\u016bral\u0173 galvos odos vandens balans\u0105.<\/p>\n<p>NAUDOJIMO B\u016aDAS: nedidel\u012f \u0161amp\u016bno-balzamo kiek\u012f  u\u017etepkite ant dr\u0117gn\u0173 plauk\u0173, tada nuplaukite vandeniu.<\/p>\n<p>LAIKYMO S\u0104LYGOS: +5\u00b0\u0421 iki +25\u00b0\u0421.<\/p>\n","protected":false},"excerpt":{"rendered":"<p>Alijo\u0161iaus ekstraktas turi biologi\u0161kai aktyvi\u0173j\u0173 med\u017eiag\u0173 kompleks\u0105, kuris skatina plauk\u0173 augim\u0105, neleid\u017eia plaukams l\u016b\u017ein\u0117ti ir skilin\u0117ti. \u0160veln\u016bs komponentai gerai i\u0161valo plaukus, palaiko nat\u016bral\u0173 galvos odos vandens balans\u0105. NAUDOJIMO B\u016aDAS: nedidel\u012f \u0161amp\u016bno-balzamo kiek\u012f u\u017etepkite ant dr\u0117gn\u0173 plauk\u0173, tada nuplaukite vandeniu. LAIKYMO S\u0104LYGOS: +5\u00b0\u0421 iki +25\u00b0\u0421.<\/p>\n","protected":false},"featured_media":79210,"template":"","meta":[],"product_cat":[2181],"product_tag":[],"class_list":{"0":"post-32437","1":"product","2":"type-product","3":"status-publish","4":"has-post-thumbnail","6":"product_brand-fitodoktor_ua-lt","7":"product_cat-bez-kategorijas-lt","9":"first","10":"instock","11":"taxable","12":"shipping-taxable","13":"product-type-simple"},"_links":{"self":[{"href":"https:\/\/e.kosmolat.eu\/lt\/wp-json\/wp\/v2\/product\/32437","targetHints":{"allow":["GET"]}}],"collection":[{"href":"https:\/\/e.kosmolat.eu\/lt\/wp-json\/wp\/v2\/product"}],"about":[{"href":"https:\/\/e.kosmolat.eu\/lt\/wp-json\/wp\/v2\/types\/product"}],"wp:featuredmedia":[{"embeddable":true,"href":"https:\/\/e.kosmolat.eu\/lt\/wp-json\/wp\/v2\/media\/79210"}],"wp:attachment":[{"href":"https:\/\/e.kosmolat.eu\/lt\/wp-json\/wp\/v2\/media?parent=32437"}],"wp:term":[{"taxonomy":"product_cat","embeddable":true,"href":"https:\/\/e.kosmolat.eu\/lt\/wp-json\/wp\/v2\/product_cat?post=32437"},{"taxonomy":"product_tag","embeddable":true,"href":"https:\/\/e.kosmolat.eu\/lt\/wp-json\/wp\/v2\/product_tag?post=32437"}],"curies":[{"name":"wp","href":"https:\/\/api.w.org\/{rel}","templated":true}]}}