{"id":32433,"date":"2023-12-21T17:05:06","date_gmt":"2023-12-21T17:05:06","guid":{"rendered":"https:\/\/e.kosmolat.eu\/product\/effekt-losjons-gurku-113-ml\/"},"modified":"2025-10-28T14:53:37","modified_gmt":"2025-10-28T14:53:37","slug":"effekt-losjons-gurku-113-ml","status":"publish","type":"product","link":"https:\/\/e.kosmolat.eu\/lt\/produktas\/effekt-losjons-gurku-113-ml\/","title":{"rendered":"EFFECT Losjonas Agurkinis, 113 ml"},"content":{"rendered":"<p>Kosmetikos gaminys odos prie\u017ei\u016brai.<\/p>\n<p>Naudoti odos valymui.&nbsp;<\/p>\n<p>Vengti patekimo \u012f akis.<\/p>\n<p>Etilo alkoholio t\u016brin\u0117 dalis yra 38,5 t\u016brio proc. &plusmn; 1.<\/p>\n<p>Laikymo temperat\u016bra nuo +5&deg;\u0421 iki +25&deg;\u0421.<br \/>\n&nbsp;<\/p>\n","protected":false},"excerpt":{"rendered":"<p>Kosmetikos gaminys odos prie\u017ei\u016brai. Naudoti odos valymui.&nbsp; Vengti patekimo \u012f akis. Etilo alkoholio t\u016brin\u0117 dalis yra 38,5 t\u016brio proc. &plusmn; 1. Laikymo temperat\u016bra nuo +5&deg;\u0421 iki +25&deg;\u0421. &nbsp;<\/p>\n","protected":false},"featured_media":79202,"template":"","meta":[],"product_cat":[1317],"product_tag":[],"class_list":{"0":"post-32433","1":"product","2":"type-product","3":"status-publish","4":"has-post-thumbnail","6":"product_brand-effekt_ua-lt","7":"product_cat-odekolonai-ir-losjonai","9":"first","10":"instock","11":"taxable","12":"shipping-taxable","13":"product-type-simple"},"_links":{"self":[{"href":"https:\/\/e.kosmolat.eu\/lt\/wp-json\/wp\/v2\/product\/32433","targetHints":{"allow":["GET"]}}],"collection":[{"href":"https:\/\/e.kosmolat.eu\/lt\/wp-json\/wp\/v2\/product"}],"about":[{"href":"https:\/\/e.kosmolat.eu\/lt\/wp-json\/wp\/v2\/types\/product"}],"wp:featuredmedia":[{"embeddable":true,"href":"https:\/\/e.kosmolat.eu\/lt\/wp-json\/wp\/v2\/media\/79202"}],"wp:attachment":[{"href":"https:\/\/e.kosmolat.eu\/lt\/wp-json\/wp\/v2\/media?parent=32433"}],"wp:term":[{"taxonomy":"product_cat","embeddable":true,"href":"https:\/\/e.kosmolat.eu\/lt\/wp-json\/wp\/v2\/product_cat?post=32433"},{"taxonomy":"product_tag","embeddable":true,"href":"https:\/\/e.kosmolat.eu\/lt\/wp-json\/wp\/v2\/product_tag?post=32433"}],"curies":[{"name":"wp","href":"https:\/\/api.w.org\/{rel}","templated":true}]}}