{"id":32429,"date":"2023-12-21T17:04:47","date_gmt":"2023-12-21T17:04:47","guid":{"rendered":"https:\/\/e.kosmolat.eu\/product\/krems-gels-recepte-dziedinoss-ar-maklejas-ekstr-60-ml\/"},"modified":"2026-04-22T10:38:19","modified_gmt":"2026-04-22T10:38:19","slug":"krems-gels-recepte-dziedinoss-ar-maklejas-ekstr-60-ml","status":"publish","type":"product","link":"https:\/\/e.kosmolat.eu\/lt\/produktas\/krems-gels-recepte-dziedinoss-ar-maklejas-ekstr-60-ml\/","title":{"rendered":"FITODOCTOR Kremas-\u017eel\u0117 su maklejos ekstraktu, 60 ml"},"content":{"rendered":"<p>Tinka naudoti esant \u012fvairiems odos pavir&scaron;iaus pa\u017eeidimams, \u012fbr\u0117\u017eimams, u\u017edegimams, skatina odos atsinaujinim\u0105.<\/p>\n<p><strong>Naudojimas: <\/strong>Tik i&scaron;oriniam naudojimui. Lengvais masa\u017eo judesiais \u012ftrinkite \u017eel\u0117 reikiamas k\u016bno zonas kol visi&scaron;kai susigers.<\/p>\n<p>Venkite kontakto su akimis.<\/p>\n<p><strong>Laikymo s\u0105lygos: 0&nbsp;&deg;C<\/strong>&nbsp;iki +25 &deg;C.<\/p>\n","protected":false},"excerpt":{"rendered":"<p>Tinka naudoti esant \u012fvairiems odos pavir&scaron;iaus pa\u017eeidimams, \u012fbr\u0117\u017eimams, u\u017edegimams, skatina odos atsinaujinim\u0105. Naudojimas: Tik i&scaron;oriniam naudojimui. Lengvais masa\u017eo judesiais \u012ftrinkite \u017eel\u0117 reikiamas k\u016bno zonas kol visi&scaron;kai susigers. Venkite kontakto su akimis. Laikymo s\u0105lygos: 0&nbsp;&deg;C&nbsp;iki +25 &deg;C.<\/p>\n","protected":false},"featured_media":79186,"template":"","meta":[],"product_cat":[2181],"product_tag":[],"class_list":{"0":"post-32429","1":"product","2":"type-product","3":"status-publish","4":"has-post-thumbnail","6":"product_brand-fitodoktor_ua-lt","7":"product_cat-bez-kategorijas-lt","9":"first","10":"instock","11":"taxable","12":"shipping-taxable","13":"product-type-simple"},"_links":{"self":[{"href":"https:\/\/e.kosmolat.eu\/lt\/wp-json\/wp\/v2\/product\/32429","targetHints":{"allow":["GET"]}}],"collection":[{"href":"https:\/\/e.kosmolat.eu\/lt\/wp-json\/wp\/v2\/product"}],"about":[{"href":"https:\/\/e.kosmolat.eu\/lt\/wp-json\/wp\/v2\/types\/product"}],"wp:featuredmedia":[{"embeddable":true,"href":"https:\/\/e.kosmolat.eu\/lt\/wp-json\/wp\/v2\/media\/79186"}],"wp:attachment":[{"href":"https:\/\/e.kosmolat.eu\/lt\/wp-json\/wp\/v2\/media?parent=32429"}],"wp:term":[{"taxonomy":"product_cat","embeddable":true,"href":"https:\/\/e.kosmolat.eu\/lt\/wp-json\/wp\/v2\/product_cat?post=32429"},{"taxonomy":"product_tag","embeddable":true,"href":"https:\/\/e.kosmolat.eu\/lt\/wp-json\/wp\/v2\/product_tag?post=32429"}],"curies":[{"name":"wp","href":"https:\/\/api.w.org\/{rel}","templated":true}]}}