{"id":32425,"date":"2023-12-21T17:04:27","date_gmt":"2023-12-21T17:04:27","guid":{"rendered":"https:\/\/e.kosmolat.eu\/product\/krems-kaju-pret-adas-plaisinu-44-g\/"},"modified":"2026-04-23T13:27:08","modified_gmt":"2026-04-23T13:27:08","slug":"krems-kaju-pret-adas-plaisinu-44-g","status":"publish","type":"product","link":"https:\/\/e.kosmolat.eu\/lt\/produktas\/krems-kaju-pret-adas-plaisinu-44-g\/","title":{"rendered":"FITODOCTOR Koj\u0173 kremas &#8220;\u012etr\u016bkimams&#8221;, 44 g"},"content":{"rendered":"<p>Ideali priemon\u0117 sausai ir skilin\u0117jan\u010diai odai. \u017dibut\u0117s ir propolio ekstrakt\u0173 kompleksas turi prie&scaron;u\u017edegimini\u0173 ir dezinfekuojan\u010di\u0173 savybi\u0173. Alantoinas gydo smulkius odos \u012ftr\u016bkimus. Kasdien naudojant oda tampa mink&scaron;ta, elastinga.<\/p>\n<p><strong>Naudojimas:<\/strong> Tepkite &scaron;vari\u0105 od\u0105.<\/p>\n<p><strong>Atsargumo priemon\u0117s: <\/strong>Tik i&scaron;oriniam naudojimui.<\/p>\n<p><strong>Laikymo s\u0105lygos:<\/strong> 0&deg;\u0421 iki +25&deg;\u0421.<br \/>\n&nbsp;<\/p>\n","protected":false},"excerpt":{"rendered":"<p>Ideali priemon\u0117 sausai ir skilin\u0117jan\u010diai odai. \u017dibut\u0117s ir propolio ekstrakt\u0173 kompleksas turi prie&scaron;u\u017edegimini\u0173 ir dezinfekuojan\u010di\u0173 savybi\u0173. Alantoinas gydo smulkius odos \u012ftr\u016bkimus. Kasdien naudojant oda tampa mink&scaron;ta, elastinga. Naudojimas: Tepkite &scaron;vari\u0105 od\u0105. Atsargumo priemon\u0117s: Tik i&scaron;oriniam naudojimui. Laikymo s\u0105lygos: 0&deg;\u0421 iki +25&deg;\u0421. &nbsp;<\/p>\n","protected":false},"featured_media":79178,"template":"","meta":[],"product_cat":[1763],"product_tag":[],"class_list":{"0":"post-32425","1":"product","2":"type-product","3":"status-publish","4":"has-post-thumbnail","6":"product_brand-fitodoktor_ua-lt","7":"product_cat-koju-prieziuros-kosmetika","9":"first","10":"outofstock","11":"taxable","12":"shipping-taxable","13":"product-type-simple"},"_links":{"self":[{"href":"https:\/\/e.kosmolat.eu\/lt\/wp-json\/wp\/v2\/product\/32425","targetHints":{"allow":["GET"]}}],"collection":[{"href":"https:\/\/e.kosmolat.eu\/lt\/wp-json\/wp\/v2\/product"}],"about":[{"href":"https:\/\/e.kosmolat.eu\/lt\/wp-json\/wp\/v2\/types\/product"}],"wp:featuredmedia":[{"embeddable":true,"href":"https:\/\/e.kosmolat.eu\/lt\/wp-json\/wp\/v2\/media\/79178"}],"wp:attachment":[{"href":"https:\/\/e.kosmolat.eu\/lt\/wp-json\/wp\/v2\/media?parent=32425"}],"wp:term":[{"taxonomy":"product_cat","embeddable":true,"href":"https:\/\/e.kosmolat.eu\/lt\/wp-json\/wp\/v2\/product_cat?post=32425"},{"taxonomy":"product_tag","embeddable":true,"href":"https:\/\/e.kosmolat.eu\/lt\/wp-json\/wp\/v2\/product_tag?post=32425"}],"curies":[{"name":"wp","href":"https:\/\/api.w.org\/{rel}","templated":true}]}}