{"id":32421,"date":"2023-12-21T17:04:11","date_gmt":"2023-12-21T17:04:11","guid":{"rendered":"https:\/\/e.kosmolat.eu\/product\/pret-svisanu-krems-kajam-44-g\/"},"modified":"2026-04-04T08:50:46","modified_gmt":"2026-04-04T08:50:46","slug":"pret-svisanu-krems-kajam-44-g","status":"publish","type":"product","link":"https:\/\/e.kosmolat.eu\/lt\/produktas\/pret-svisanu-krems-kajam-44-g\/","title":{"rendered":"FITODOCTOR Koj\u0173 kremas nuo padid\u0117jusio prakaitavimo, 44 g"},"content":{"rendered":"<p>Tinka kasdieniniam naudojimui. \u0104\u017euolo ir ber\u017e\u0173 \u017eiev\u0117s ekstraktai turi antiseptini\u0173 savybi\u0173, normalizuoja prakaito liauk\u0173 veikl\u0105. Mentolis tonizuoja ir gaivina.<\/p>\n<p><strong>Lieto&scaron;ana:<\/strong> uzkl\u0101t uz t\u012bras \u0101das.<\/p>\n<p><strong>Piesardz\u012bbas pas\u0101kumi:<\/strong> tikai \u0101r\u012bgai lieto&scaron;anai.<\/p>\n<p>Uzglab\u0101t temperat\u016br\u0101 no 0 &deg;C l\u012bdz +25 &deg;C.<br \/>\n&nbsp;<\/p>\n","protected":false},"excerpt":{"rendered":"<p>Tinka kasdieniniam naudojimui. \u0104\u017euolo ir ber\u017e\u0173 \u017eiev\u0117s ekstraktai turi antiseptini\u0173 savybi\u0173, normalizuoja prakaito liauk\u0173 veikl\u0105. Mentolis tonizuoja ir gaivina. Lieto&scaron;ana: uzkl\u0101t uz t\u012bras \u0101das. Piesardz\u012bbas pas\u0101kumi: tikai \u0101r\u012bgai lieto&scaron;anai. Uzglab\u0101t temperat\u016br\u0101 no 0 &deg;C l\u012bdz +25 &deg;C. &nbsp;<\/p>\n","protected":false},"featured_media":79174,"template":"","meta":[],"product_cat":[2181],"product_tag":[],"class_list":{"0":"post-32421","1":"product","2":"type-product","3":"status-publish","4":"has-post-thumbnail","6":"product_brand-fitodoktor_ua-lt","7":"product_cat-bez-kategorijas-lt","9":"first","10":"instock","11":"taxable","12":"shipping-taxable","13":"product-type-simple"},"_links":{"self":[{"href":"https:\/\/e.kosmolat.eu\/lt\/wp-json\/wp\/v2\/product\/32421","targetHints":{"allow":["GET"]}}],"collection":[{"href":"https:\/\/e.kosmolat.eu\/lt\/wp-json\/wp\/v2\/product"}],"about":[{"href":"https:\/\/e.kosmolat.eu\/lt\/wp-json\/wp\/v2\/types\/product"}],"wp:featuredmedia":[{"embeddable":true,"href":"https:\/\/e.kosmolat.eu\/lt\/wp-json\/wp\/v2\/media\/79174"}],"wp:attachment":[{"href":"https:\/\/e.kosmolat.eu\/lt\/wp-json\/wp\/v2\/media?parent=32421"}],"wp:term":[{"taxonomy":"product_cat","embeddable":true,"href":"https:\/\/e.kosmolat.eu\/lt\/wp-json\/wp\/v2\/product_cat?post=32421"},{"taxonomy":"product_tag","embeddable":true,"href":"https:\/\/e.kosmolat.eu\/lt\/wp-json\/wp\/v2\/product_tag?post=32421"}],"curies":[{"name":"wp","href":"https:\/\/api.w.org\/{rel}","templated":true}]}}