{"id":32413,"date":"2023-12-21T17:03:38","date_gmt":"2023-12-21T17:03:38","guid":{"rendered":"https:\/\/e.kosmolat.eu\/product\/roku-krems-glicerina-citrons-44-g\/"},"modified":"2026-04-22T13:34:22","modified_gmt":"2026-04-22T13:34:22","slug":"roku-krems-glicerina-citrons-44-g","status":"publish","type":"product","link":"https:\/\/e.kosmolat.eu\/lt\/produktas\/roku-krems-glicerina-citrons-44-g\/","title":{"rendered":"FITODOCTOR Glicerino rank\u0173 kremas &#8220;Citrina&#8221;, 44 g"},"content":{"rendered":"<p>Efektyviai dr\u0117kina od\u0105, ji tampa mink&scaron;ta ir elastinga. Turi prie&scaron;u\u017edegimin\u012f ir raminant\u012f poveik\u012f. Suteikia odai glotnumo, apsaugo nuo neigiamo i&scaron;or\u0117s poveikio.<\/p>\n<p><strong>Naudojimas: <\/strong>Tepkite &scaron;vari\u0105 od\u0105.<\/p>\n<p><strong>Atsargumo priemon\u0117s: <\/strong>Tik i&scaron;oriniam naudojimui.<\/p>\n<p>Laikymo s\u0105lygos: 0&deg;\u0421 iki +25&deg;\u0421.<br \/>\n&nbsp;<\/p>\n","protected":false},"excerpt":{"rendered":"<p>Efektyviai dr\u0117kina od\u0105, ji tampa mink&scaron;ta ir elastinga. Turi prie&scaron;u\u017edegimin\u012f ir raminant\u012f poveik\u012f. Suteikia odai glotnumo, apsaugo nuo neigiamo i&scaron;or\u0117s poveikio. Naudojimas: Tepkite &scaron;vari\u0105 od\u0105. Atsargumo priemon\u0117s: Tik i&scaron;oriniam naudojimui. Laikymo s\u0105lygos: 0&deg;\u0421 iki +25&deg;\u0421. &nbsp;<\/p>\n","protected":false},"featured_media":79162,"template":"","meta":[],"product_cat":[2181],"product_tag":[],"class_list":{"0":"post-32413","1":"product","2":"type-product","3":"status-publish","4":"has-post-thumbnail","6":"product_brand-fitodoktor_ua-lt","7":"product_cat-bez-kategorijas-lt","9":"first","10":"instock","11":"taxable","12":"shipping-taxable","13":"product-type-simple"},"_links":{"self":[{"href":"https:\/\/e.kosmolat.eu\/lt\/wp-json\/wp\/v2\/product\/32413","targetHints":{"allow":["GET"]}}],"collection":[{"href":"https:\/\/e.kosmolat.eu\/lt\/wp-json\/wp\/v2\/product"}],"about":[{"href":"https:\/\/e.kosmolat.eu\/lt\/wp-json\/wp\/v2\/types\/product"}],"wp:featuredmedia":[{"embeddable":true,"href":"https:\/\/e.kosmolat.eu\/lt\/wp-json\/wp\/v2\/media\/79162"}],"wp:attachment":[{"href":"https:\/\/e.kosmolat.eu\/lt\/wp-json\/wp\/v2\/media?parent=32413"}],"wp:term":[{"taxonomy":"product_cat","embeddable":true,"href":"https:\/\/e.kosmolat.eu\/lt\/wp-json\/wp\/v2\/product_cat?post=32413"},{"taxonomy":"product_tag","embeddable":true,"href":"https:\/\/e.kosmolat.eu\/lt\/wp-json\/wp\/v2\/product_tag?post=32413"}],"curies":[{"name":"wp","href":"https:\/\/api.w.org\/{rel}","templated":true}]}}