{"id":32405,"date":"2023-12-21T17:03:01","date_gmt":"2023-12-21T17:03:01","guid":{"rendered":"https:\/\/e.kosmolat.eu\/product\/i_krems-velurs-effekts-celmallapa-44-g\/"},"modified":"2025-09-19T15:54:40","modified_gmt":"2025-09-19T15:54:40","slug":"i_krems-velurs-effekts-celmallapa-44-g","status":"publish","type":"product","link":"https:\/\/e.kosmolat.eu\/lt\/produktas\/i_krems-velurs-effekts-celmallapa-44-g\/","title":{"rendered":"FITODOCTOR &#8220;Veliur&#8221; Gyslo\u010dio kremas, 44 g"},"content":{"rendered":"<p>Ramun\u0117li\u0173 ekstrakto ir cinko oksido kompleksas apsaugo nuo sudirgimo, saugo od\u0105 nuo i&scaron;&scaron;utim\u0173.<\/p>\n<p><strong>Naudojimo b\u016bdas:<\/strong> u\u017etepkite kremo ant &scaron;varios rank\u0173 odos.<\/p>\n<p><strong>Atsargumo priemon\u0117s: <\/strong>Tik i&scaron;oriniam naudojimui.<\/p>\n<p><strong>Laikymo s\u0105lygos:<\/strong> nuo 0 &deg;\u0421 iki +25 &deg;\u0421.<br \/>\n&nbsp;<\/p>\n","protected":false},"excerpt":{"rendered":"<p>Ramun\u0117li\u0173 ekstrakto ir cinko oksido kompleksas apsaugo nuo sudirgimo, saugo od\u0105 nuo i&scaron;&scaron;utim\u0173. Naudojimo b\u016bdas: u\u017etepkite kremo ant &scaron;varios rank\u0173 odos. Atsargumo priemon\u0117s: Tik i&scaron;oriniam naudojimui. Laikymo s\u0105lygos: nuo 0 &deg;\u0421 iki +25 &deg;\u0421. &nbsp;<\/p>\n","protected":false},"featured_media":79154,"template":"","meta":[],"product_cat":[1304],"product_tag":[],"class_list":{"0":"post-32405","1":"product","2":"type-product","3":"status-publish","4":"has-post-thumbnail","6":"product_brand-fitodoktor_ua-lt","7":"product_cat-ranku-prieziuros-kosmetika","9":"first","10":"outofstock","11":"taxable","12":"shipping-taxable","13":"product-type-simple"},"_links":{"self":[{"href":"https:\/\/e.kosmolat.eu\/lt\/wp-json\/wp\/v2\/product\/32405","targetHints":{"allow":["GET"]}}],"collection":[{"href":"https:\/\/e.kosmolat.eu\/lt\/wp-json\/wp\/v2\/product"}],"about":[{"href":"https:\/\/e.kosmolat.eu\/lt\/wp-json\/wp\/v2\/types\/product"}],"wp:featuredmedia":[{"embeddable":true,"href":"https:\/\/e.kosmolat.eu\/lt\/wp-json\/wp\/v2\/media\/79154"}],"wp:attachment":[{"href":"https:\/\/e.kosmolat.eu\/lt\/wp-json\/wp\/v2\/media?parent=32405"}],"wp:term":[{"taxonomy":"product_cat","embeddable":true,"href":"https:\/\/e.kosmolat.eu\/lt\/wp-json\/wp\/v2\/product_cat?post=32405"},{"taxonomy":"product_tag","embeddable":true,"href":"https:\/\/e.kosmolat.eu\/lt\/wp-json\/wp\/v2\/product_tag?post=32405"}],"curies":[{"name":"wp","href":"https:\/\/api.w.org\/{rel}","templated":true}]}}