{"id":32401,"date":"2023-12-21T17:02:42","date_gmt":"2023-12-21T17:02:42","guid":{"rendered":"https:\/\/e.kosmolat.eu\/product\/masazas-krems-balzams-radikulita-70-g\/"},"modified":"2026-04-24T05:33:35","modified_gmt":"2026-04-24T05:33:35","slug":"masazas-krems-balzams-radikulita-70-g","status":"publish","type":"product","link":"https:\/\/e.kosmolat.eu\/lt\/produktas\/masazas-krems-balzams-radikulita-70-g\/","title":{"rendered":"FITODOCTOR Masa\u017eo kremas-balzamas &#8220;Radikulitinis&#8221;, 70 g"},"content":{"rendered":"<p>Efektyvi priemon\u0117 nuo nugaros skausmo, raumen\u0173 u\u017edegimo, radikulito, patempim\u0173. Arnikos, raudonojo pipiro, pu&scaron;ies ekstraktai ir eterinis eukalipto aliejus tonizuoja od\u0105, pagerina med\u017eiag\u0173 apykait\u0105, skatina kraujo apytak\u0105, pa&scaron;alina skausm\u0105. Turi raumen\u0173 atpalaiduojan\u010di\u0173 savybi\u0173.<\/p>\n<p><strong>Naudojimas:<\/strong> Tepkite reikiam\u0105 k\u016bno viet\u0105 ir masa\u017euokite, kol visi&scaron;kai \u012fsigers.<\/p>\n<p><strong>Laikymo s\u0105lygos:<\/strong> +5 &deg;\u0421 iki +25 &deg;\u0421.<\/p>\n","protected":false},"excerpt":{"rendered":"<p>Efektyvi priemon\u0117 nuo nugaros skausmo, raumen\u0173 u\u017edegimo, radikulito, patempim\u0173. Arnikos, raudonojo pipiro, pu&scaron;ies ekstraktai ir eterinis eukalipto aliejus tonizuoja od\u0105, pagerina med\u017eiag\u0173 apykait\u0105, skatina kraujo apytak\u0105, pa&scaron;alina skausm\u0105. Turi raumen\u0173 atpalaiduojan\u010di\u0173 savybi\u0173. Naudojimas: Tepkite reikiam\u0105 k\u016bno viet\u0105 ir masa\u017euokite, kol visi&scaron;kai \u012fsigers. Laikymo s\u0105lygos: +5 &deg;\u0421 iki +25 &deg;\u0421.<\/p>\n","protected":false},"featured_media":79150,"template":"","meta":[],"product_cat":[1390],"product_tag":[],"class_list":{"0":"post-32401","1":"product","2":"type-product","3":"status-publish","4":"has-post-thumbnail","6":"product_brand-fitodoktor_ua-lt","7":"product_cat-kremai-aliejai-kuno-pienelis","9":"first","10":"instock","11":"taxable","12":"shipping-taxable","13":"product-type-simple"},"_links":{"self":[{"href":"https:\/\/e.kosmolat.eu\/lt\/wp-json\/wp\/v2\/product\/32401","targetHints":{"allow":["GET"]}}],"collection":[{"href":"https:\/\/e.kosmolat.eu\/lt\/wp-json\/wp\/v2\/product"}],"about":[{"href":"https:\/\/e.kosmolat.eu\/lt\/wp-json\/wp\/v2\/types\/product"}],"wp:featuredmedia":[{"embeddable":true,"href":"https:\/\/e.kosmolat.eu\/lt\/wp-json\/wp\/v2\/media\/79150"}],"wp:attachment":[{"href":"https:\/\/e.kosmolat.eu\/lt\/wp-json\/wp\/v2\/media?parent=32401"}],"wp:term":[{"taxonomy":"product_cat","embeddable":true,"href":"https:\/\/e.kosmolat.eu\/lt\/wp-json\/wp\/v2\/product_cat?post=32401"},{"taxonomy":"product_tag","embeddable":true,"href":"https:\/\/e.kosmolat.eu\/lt\/wp-json\/wp\/v2\/product_tag?post=32401"}],"curies":[{"name":"wp","href":"https:\/\/api.w.org\/{rel}","templated":true}]}}