{"id":32397,"date":"2023-12-21T17:02:24","date_gmt":"2023-12-21T17:02:24","guid":{"rendered":"https:\/\/e.kosmolat.eu\/product\/vazelins-smarzigs-44-g\/"},"modified":"2026-04-23T06:03:56","modified_gmt":"2026-04-23T06:03:56","slug":"vazelins-smarzigs-44-g","status":"publish","type":"product","link":"https:\/\/e.kosmolat.eu\/lt\/produktas\/vazelins-smarzigs-44-g\/","title":{"rendered":"FITODOCTOR Vazelinas &#8220;Kvepiantis&#8221;, 44 g"},"content":{"rendered":"<p>Mink&scaron;tina ir apsaugo od\u0105 nuo kenksming\u0173 aplinkos faktori\u0173. Apsaugo od\u0105 dirbant su \u017eeme.<\/p>\n<p><strong>Naudojimas: <\/strong>U\u017etepkite ant &scaron;varios odos.<\/p>\n<p><strong>Laikymo s\u0105lygos:<\/strong> +5 &deg;\u0421 iki +25 &deg;\u0421.<\/p>\n","protected":false},"excerpt":{"rendered":"<p>Mink&scaron;tina ir apsaugo od\u0105 nuo kenksming\u0173 aplinkos faktori\u0173. Apsaugo od\u0105 dirbant su \u017eeme. Naudojimas: U\u017etepkite ant &scaron;varios odos. Laikymo s\u0105lygos: +5 &deg;\u0421 iki +25 &deg;\u0421.<\/p>\n","protected":false},"featured_media":79146,"template":"","meta":[],"product_cat":[1390],"product_tag":[],"class_list":{"0":"post-32397","1":"product","2":"type-product","3":"status-publish","4":"has-post-thumbnail","6":"product_brand-fitodoktor_ua-lt","7":"product_cat-kremai-aliejai-kuno-pienelis","9":"first","10":"outofstock","11":"taxable","12":"shipping-taxable","13":"product-type-simple"},"_links":{"self":[{"href":"https:\/\/e.kosmolat.eu\/lt\/wp-json\/wp\/v2\/product\/32397","targetHints":{"allow":["GET"]}}],"collection":[{"href":"https:\/\/e.kosmolat.eu\/lt\/wp-json\/wp\/v2\/product"}],"about":[{"href":"https:\/\/e.kosmolat.eu\/lt\/wp-json\/wp\/v2\/types\/product"}],"wp:featuredmedia":[{"embeddable":true,"href":"https:\/\/e.kosmolat.eu\/lt\/wp-json\/wp\/v2\/media\/79146"}],"wp:attachment":[{"href":"https:\/\/e.kosmolat.eu\/lt\/wp-json\/wp\/v2\/media?parent=32397"}],"wp:term":[{"taxonomy":"product_cat","embeddable":true,"href":"https:\/\/e.kosmolat.eu\/lt\/wp-json\/wp\/v2\/product_cat?post=32397"},{"taxonomy":"product_tag","embeddable":true,"href":"https:\/\/e.kosmolat.eu\/lt\/wp-json\/wp\/v2\/product_tag?post=32397"}],"curies":[{"name":"wp","href":"https:\/\/api.w.org\/{rel}","templated":true}]}}