{"id":32393,"date":"2023-12-21T17:02:07","date_gmt":"2023-12-21T17:02:07","guid":{"rendered":"https:\/\/e.kosmolat.eu\/product\/krems-spermaceta-44-g\/"},"modified":"2026-04-20T11:52:22","modified_gmt":"2026-04-20T11:52:22","slug":"krems-spermaceta-44-g","status":"publish","type":"product","link":"https:\/\/e.kosmolat.eu\/lt\/produktas\/krems-spermaceta-44-g\/","title":{"rendered":"FITODOCTOR Maitinamasis kremas sausai ir jautriai odai &#8220;Spermacetovij&#8221;, 44 g"},"content":{"rendered":"<p>Subalansuotas nat\u016brali\u0173 riebal\u0173 ir rudadumbli\u0173 ekstrakto kompleksas &scaron;velniai pri\u017ei\u016bri nusilpusi\u0105 veido ir kaklo od\u0105.<\/p>\n<p><strong>Naudojimo b\u016bdas:<\/strong> u\u017etepkite kremo ant &scaron;varios rank\u0173 odos.<\/p>\n<p><strong>Atsargumo priemon\u0117s:<\/strong> Tik i&scaron;oriniam naudojimui.<\/p>\n<p><strong>Laikymo s\u0105lygos:<\/strong> nuo 0 &deg;\u0421 iki +25 &deg;\u0421.<br \/>\n&nbsp;<\/p>\n","protected":false},"excerpt":{"rendered":"<p>Subalansuotas nat\u016brali\u0173 riebal\u0173 ir rudadumbli\u0173 ekstrakto kompleksas &scaron;velniai pri\u017ei\u016bri nusilpusi\u0105 veido ir kaklo od\u0105. Naudojimo b\u016bdas: u\u017etepkite kremo ant &scaron;varios rank\u0173 odos. Atsargumo priemon\u0117s: Tik i&scaron;oriniam naudojimui. Laikymo s\u0105lygos: nuo 0 &deg;\u0421 iki +25 &deg;\u0421. &nbsp;<\/p>\n","protected":false},"featured_media":79302,"template":"","meta":[],"product_cat":[1322],"product_tag":[],"class_list":{"0":"post-32393","1":"product","2":"type-product","3":"status-publish","4":"has-post-thumbnail","6":"product_brand-fitodoktor_ua-lt","7":"product_cat-veido-kremai","9":"first","10":"instock","11":"taxable","12":"shipping-taxable","13":"product-type-simple"},"_links":{"self":[{"href":"https:\/\/e.kosmolat.eu\/lt\/wp-json\/wp\/v2\/product\/32393","targetHints":{"allow":["GET"]}}],"collection":[{"href":"https:\/\/e.kosmolat.eu\/lt\/wp-json\/wp\/v2\/product"}],"about":[{"href":"https:\/\/e.kosmolat.eu\/lt\/wp-json\/wp\/v2\/types\/product"}],"wp:featuredmedia":[{"embeddable":true,"href":"https:\/\/e.kosmolat.eu\/lt\/wp-json\/wp\/v2\/media\/79302"}],"wp:attachment":[{"href":"https:\/\/e.kosmolat.eu\/lt\/wp-json\/wp\/v2\/media?parent=32393"}],"wp:term":[{"taxonomy":"product_cat","embeddable":true,"href":"https:\/\/e.kosmolat.eu\/lt\/wp-json\/wp\/v2\/product_cat?post=32393"},{"taxonomy":"product_tag","embeddable":true,"href":"https:\/\/e.kosmolat.eu\/lt\/wp-json\/wp\/v2\/product_tag?post=32393"}],"curies":[{"name":"wp","href":"https:\/\/api.w.org\/{rel}","templated":true}]}}