{"id":32389,"date":"2023-12-21T17:01:49","date_gmt":"2023-12-21T17:01:49","guid":{"rendered":"https:\/\/e.kosmolat.eu\/product\/krems-natre-44-g\/"},"modified":"2026-04-23T06:05:29","modified_gmt":"2026-04-23T06:05:29","slug":"krems-natre-44-g","status":"publish","type":"product","link":"https:\/\/e.kosmolat.eu\/lt\/produktas\/krems-natre-44-g\/","title":{"rendered":"FITODOCTOR Veido kremas &#8220;Dilg\u0117l\u0117&#8221; tinka mi\u0161riai odai (vitaminai), 44 g"},"content":{"rendered":"<p>Tinka mi&scaron;riai odai, prisotina vitaminais. Dilg\u0117l\u0117s ir \u017ealiosios arbatos ekstraktai &#8211; vitamin\u0173 C, K, B2, B3 &scaron;altiniai, &beta;-karotinas, chlorofilas, flavonoidai, makro- ir mikroelementai &#8211; apsaugo od\u0105, atkuria med\u017eiag\u0173 apykait\u0105, prisotina energijos.<\/p>\n<p><strong>Naudojimas: <\/strong>Tepkite &scaron;vari\u0105 od\u0105.<\/p>\n<p><strong>Atsargumo priemon\u0117s: <\/strong>Tik i&scaron;oriniam naudojimui.<\/p>\n<p><strong>Laikymo s\u0105lygos: <\/strong>0&deg;\u0421 iki +25&deg;\u0421.<br \/>\n&nbsp;<\/p>\n","protected":false},"excerpt":{"rendered":"<p>Tinka mi&scaron;riai odai, prisotina vitaminais. Dilg\u0117l\u0117s ir \u017ealiosios arbatos ekstraktai &#8211; vitamin\u0173 C, K, B2, B3 &scaron;altiniai, &beta;-karotinas, chlorofilas, flavonoidai, makro- ir mikroelementai &#8211; apsaugo od\u0105, atkuria med\u017eiag\u0173 apykait\u0105, prisotina energijos. Naudojimas: Tepkite &scaron;vari\u0105 od\u0105. Atsargumo priemon\u0117s: Tik i&scaron;oriniam naudojimui. Laikymo s\u0105lygos: 0&deg;\u0421 iki +25&deg;\u0421. &nbsp;<\/p>\n","protected":false},"featured_media":79134,"template":"","meta":[],"product_cat":[1322],"product_tag":[],"class_list":{"0":"post-32389","1":"product","2":"type-product","3":"status-publish","4":"has-post-thumbnail","6":"product_brand-fitodoktor_ua-lt","7":"product_cat-veido-kremai","9":"first","10":"instock","11":"taxable","12":"shipping-taxable","13":"product-type-simple"},"_links":{"self":[{"href":"https:\/\/e.kosmolat.eu\/lt\/wp-json\/wp\/v2\/product\/32389","targetHints":{"allow":["GET"]}}],"collection":[{"href":"https:\/\/e.kosmolat.eu\/lt\/wp-json\/wp\/v2\/product"}],"about":[{"href":"https:\/\/e.kosmolat.eu\/lt\/wp-json\/wp\/v2\/types\/product"}],"wp:featuredmedia":[{"embeddable":true,"href":"https:\/\/e.kosmolat.eu\/lt\/wp-json\/wp\/v2\/media\/79134"}],"wp:attachment":[{"href":"https:\/\/e.kosmolat.eu\/lt\/wp-json\/wp\/v2\/media?parent=32389"}],"wp:term":[{"taxonomy":"product_cat","embeddable":true,"href":"https:\/\/e.kosmolat.eu\/lt\/wp-json\/wp\/v2\/product_cat?post=32389"},{"taxonomy":"product_tag","embeddable":true,"href":"https:\/\/e.kosmolat.eu\/lt\/wp-json\/wp\/v2\/product_tag?post=32389"}],"curies":[{"name":"wp","href":"https:\/\/api.w.org\/{rel}","templated":true}]}}