{"id":32385,"date":"2023-12-21T17:01:31","date_gmt":"2023-12-21T17:01:31","guid":{"rendered":"https:\/\/e.kosmolat.eu\/product\/i_krems-udele-44-g\/"},"modified":"2025-09-19T15:53:01","modified_gmt":"2025-09-19T15:53:01","slug":"krems-udele-44-g","status":"publish","type":"product","link":"https:\/\/e.kosmolat.eu\/lt\/produktas\/krems-udele-44-g\/","title":{"rendered":"FITODOCTOR Veido kremas &#8220;Audin\u0117&#8221; maitinantis, 44 g"},"content":{"rendered":"<p>Audin\u0117s riebalai ir petra\u017eoli\u0173 ekstraktas puikiai maitina ir regeneruoja od\u0105. Reguliariai naudojant oda tampa stangri ir elastinga.<\/p>\n<p><strong>Naudojimas:<\/strong> Tepkite &scaron;vari\u0105 od\u0105.<\/p>\n<p><strong>Atsargumo priemon\u0117s: <\/strong>Tik i&scaron;oriniam naudojimui.<\/p>\n<p><strong>Laikymo s\u0105lygos:<\/strong> 0&deg;\u0421 iki +25&deg;\u0421.<br \/>\n&nbsp;<\/p>\n","protected":false},"excerpt":{"rendered":"<p>Audin\u0117s riebalai ir petra\u017eoli\u0173 ekstraktas puikiai maitina ir regeneruoja od\u0105. Reguliariai naudojant oda tampa stangri ir elastinga. Naudojimas: Tepkite &scaron;vari\u0105 od\u0105. Atsargumo priemon\u0117s: Tik i&scaron;oriniam naudojimui. Laikymo s\u0105lygos: 0&deg;\u0421 iki +25&deg;\u0421. &nbsp;<\/p>\n","protected":false},"featured_media":79126,"template":"","meta":[],"product_cat":[1322],"product_tag":[],"class_list":{"0":"post-32385","1":"product","2":"type-product","3":"status-publish","4":"has-post-thumbnail","6":"product_brand-fitodoktor_ua-lt","7":"product_cat-veido-kremai","9":"first","10":"outofstock","11":"taxable","12":"shipping-taxable","13":"product-type-simple"},"_links":{"self":[{"href":"https:\/\/e.kosmolat.eu\/lt\/wp-json\/wp\/v2\/product\/32385","targetHints":{"allow":["GET"]}}],"collection":[{"href":"https:\/\/e.kosmolat.eu\/lt\/wp-json\/wp\/v2\/product"}],"about":[{"href":"https:\/\/e.kosmolat.eu\/lt\/wp-json\/wp\/v2\/types\/product"}],"wp:featuredmedia":[{"embeddable":true,"href":"https:\/\/e.kosmolat.eu\/lt\/wp-json\/wp\/v2\/media\/79126"}],"wp:attachment":[{"href":"https:\/\/e.kosmolat.eu\/lt\/wp-json\/wp\/v2\/media?parent=32385"}],"wp:term":[{"taxonomy":"product_cat","embeddable":true,"href":"https:\/\/e.kosmolat.eu\/lt\/wp-json\/wp\/v2\/product_cat?post=32385"},{"taxonomy":"product_tag","embeddable":true,"href":"https:\/\/e.kosmolat.eu\/lt\/wp-json\/wp\/v2\/product_tag?post=32385"}],"curies":[{"name":"wp","href":"https:\/\/api.w.org\/{rel}","templated":true}]}}