{"id":32381,"date":"2023-12-21T17:01:15","date_gmt":"2023-12-21T17:01:15","guid":{"rendered":"https:\/\/e.kosmolat.eu\/product\/krems-mezrozite-44-g\/"},"modified":"2026-04-22T13:35:03","modified_gmt":"2026-04-22T13:35:03","slug":"krems-mezrozite-44-g","status":"publish","type":"product","link":"https:\/\/e.kosmolat.eu\/lt\/produktas\/krems-mezrozite-44-g\/","title":{"rendered":"Dieninis veido kremas &#8220;Er\u0161k\u0117tro\u017e\u0117&#8221; tinka jautriai odai (Dr\u0117kinantis)"},"content":{"rendered":"<p>Tinka jautriai odai, dr\u0117kinantis.<br \/>\nKremas puikiai dr\u0117kina od\u0105. Er\u0161k\u0117tro\u017ei\u0173 ekstraktas &#8211; vitamin\u0173 A, C ir E \u0161altinis &#8211; turi gydom\u0173j\u0173 savybi\u0173, efektyviai pa\u0161alina dirginim\u0105 ir pleiskanojim\u0105.<\/p>\n<p>NAUDOJIMO B\u016aDAS: U\u017etepkite ant \u0161varios odos.<\/p>\n<p>LAIKYMO S\u0104LYGOS: +5\u00b0\u0421 iki +25\u00b0\u0421.<\/p>\n","protected":false},"excerpt":{"rendered":"<p>Tinka jautriai odai, dr\u0117kinantis. Kremas puikiai dr\u0117kina od\u0105. Er\u0161k\u0117tro\u017ei\u0173 ekstraktas &#8211; vitamin\u0173 A, C ir E \u0161altinis &#8211; turi gydom\u0173j\u0173 savybi\u0173, efektyviai pa\u0161alina dirginim\u0105 ir pleiskanojim\u0105. NAUDOJIMO B\u016aDAS: U\u017etepkite ant \u0161varios odos. LAIKYMO S\u0104LYGOS: +5\u00b0\u0421 iki +25\u00b0\u0421.<\/p>\n","protected":false},"featured_media":79114,"template":"","meta":[],"product_cat":[2181],"product_tag":[],"class_list":{"0":"post-32381","1":"product","2":"type-product","3":"status-publish","4":"has-post-thumbnail","6":"product_brand-fitodoktor_ua-lt","7":"product_cat-bez-kategorijas-lt","9":"first","10":"instock","11":"taxable","12":"shipping-taxable","13":"product-type-simple"},"_links":{"self":[{"href":"https:\/\/e.kosmolat.eu\/lt\/wp-json\/wp\/v2\/product\/32381","targetHints":{"allow":["GET"]}}],"collection":[{"href":"https:\/\/e.kosmolat.eu\/lt\/wp-json\/wp\/v2\/product"}],"about":[{"href":"https:\/\/e.kosmolat.eu\/lt\/wp-json\/wp\/v2\/types\/product"}],"wp:featuredmedia":[{"embeddable":true,"href":"https:\/\/e.kosmolat.eu\/lt\/wp-json\/wp\/v2\/media\/79114"}],"wp:attachment":[{"href":"https:\/\/e.kosmolat.eu\/lt\/wp-json\/wp\/v2\/media?parent=32381"}],"wp:term":[{"taxonomy":"product_cat","embeddable":true,"href":"https:\/\/e.kosmolat.eu\/lt\/wp-json\/wp\/v2\/product_cat?post=32381"},{"taxonomy":"product_tag","embeddable":true,"href":"https:\/\/e.kosmolat.eu\/lt\/wp-json\/wp\/v2\/product_tag?post=32381"}],"curies":[{"name":"wp","href":"https:\/\/api.w.org\/{rel}","templated":true}]}}