{"id":32373,"date":"2023-12-21T17:00:38","date_gmt":"2023-12-21T17:00:38","guid":{"rendered":"https:\/\/e.kosmolat.eu\/product\/krems-smiltserksku-44-g\/"},"modified":"2026-04-23T08:16:07","modified_gmt":"2026-04-23T08:16:07","slug":"krems-smiltserksku-44-g","status":"publish","type":"product","link":"https:\/\/e.kosmolat.eu\/lt\/produktas\/krems-smiltserksku-44-g\/","title":{"rendered":"FITODOCTOR Veido ir k\u016bno kremas  atkuriantis &#8220;\u0160altalankis&#8221; , 44 g"},"content":{"rendered":"<p>Kremas su &scaron;altalanki\u0173 ir ramun\u0117li\u0173 ekstraktais, vitaminais E ir C atkuria od\u0105, suteikia jai gaivios ir spindin\u010dios i&scaron;vaizdos.<\/p>\n<p><strong>Naudojimas: <\/strong>Tepkite &scaron;vari\u0105 od\u0105.<\/p>\n<p><strong>Atsargumo priemon\u0117s: <\/strong>Tik i&scaron;oriniam naudojimui.<\/p>\n<p>Laikymo s\u0105lygos: 0&deg;\u0421 iki +25&deg;\u0421.<br \/>\n&nbsp;<\/p>\n","protected":false},"excerpt":{"rendered":"<p>Kremas su &scaron;altalanki\u0173 ir ramun\u0117li\u0173 ekstraktais, vitaminais E ir C atkuria od\u0105, suteikia jai gaivios ir spindin\u010dios i&scaron;vaizdos. Naudojimas: Tepkite &scaron;vari\u0105 od\u0105. Atsargumo priemon\u0117s: Tik i&scaron;oriniam naudojimui. Laikymo s\u0105lygos: 0&deg;\u0421 iki +25&deg;\u0421. &nbsp;<\/p>\n","protected":false},"featured_media":79098,"template":"","meta":[],"product_cat":[1322],"product_tag":[],"class_list":{"0":"post-32373","1":"product","2":"type-product","3":"status-publish","4":"has-post-thumbnail","6":"product_brand-fitodoktor_ua-lt","7":"product_cat-veido-kremai","9":"first","10":"outofstock","11":"taxable","12":"shipping-taxable","13":"product-type-simple"},"_links":{"self":[{"href":"https:\/\/e.kosmolat.eu\/lt\/wp-json\/wp\/v2\/product\/32373","targetHints":{"allow":["GET"]}}],"collection":[{"href":"https:\/\/e.kosmolat.eu\/lt\/wp-json\/wp\/v2\/product"}],"about":[{"href":"https:\/\/e.kosmolat.eu\/lt\/wp-json\/wp\/v2\/types\/product"}],"wp:featuredmedia":[{"embeddable":true,"href":"https:\/\/e.kosmolat.eu\/lt\/wp-json\/wp\/v2\/media\/79098"}],"wp:attachment":[{"href":"https:\/\/e.kosmolat.eu\/lt\/wp-json\/wp\/v2\/media?parent=32373"}],"wp:term":[{"taxonomy":"product_cat","embeddable":true,"href":"https:\/\/e.kosmolat.eu\/lt\/wp-json\/wp\/v2\/product_cat?post=32373"},{"taxonomy":"product_tag","embeddable":true,"href":"https:\/\/e.kosmolat.eu\/lt\/wp-json\/wp\/v2\/product_tag?post=32373"}],"curies":[{"name":"wp","href":"https:\/\/api.w.org\/{rel}","templated":true}]}}