{"id":32369,"date":"2023-12-21T17:00:20","date_gmt":"2023-12-21T17:00:20","guid":{"rendered":"https:\/\/e.kosmolat.eu\/product\/krems-zensen-44-g\/"},"modified":"2026-04-23T06:05:00","modified_gmt":"2026-04-23T06:05:00","slug":"krems-zensen-44-g","status":"publish","type":"product","link":"https:\/\/e.kosmolat.eu\/lt\/produktas\/krems-zensen-44-g\/","title":{"rendered":"FITODOCTOR Veido kremas nuo rauk\u0161li\u0173 &#8220;\u017den\u0161enis&#8221; tinka vis\u0173 tip\u0173 odai, 44 g"},"content":{"rendered":"<p>\u017den&scaron;enio ir \u0117\u017eiuol\u0117s ekstraktas turi apsaugini\u0173 savybi\u0173, skatina med\u017eiag\u0173 apykait\u0105 l\u0105stel\u0117se, aktyviai atkuria odos stangrum\u0105, l\u0117tina sen\u0117jimo proces\u0105.<\/p>\n<p><strong>Naudojimas:<\/strong> Tepkite &scaron;vari\u0105 od\u0105.<\/p>\n<p><strong>Atsargumo priemon\u0117s: <\/strong>Tik i&scaron;oriniam naudojimui.<\/p>\n<p><strong>Laikymo s\u0105lygos:<\/strong> 0&deg;\u0421 iki +25&deg;\u0421.<\/p>\n","protected":false},"excerpt":{"rendered":"<p>\u017den&scaron;enio ir \u0117\u017eiuol\u0117s ekstraktas turi apsaugini\u0173 savybi\u0173, skatina med\u017eiag\u0173 apykait\u0105 l\u0105stel\u0117se, aktyviai atkuria odos stangrum\u0105, l\u0117tina sen\u0117jimo proces\u0105. Naudojimas: Tepkite &scaron;vari\u0105 od\u0105. Atsargumo priemon\u0117s: Tik i&scaron;oriniam naudojimui. Laikymo s\u0105lygos: 0&deg;\u0421 iki +25&deg;\u0421.<\/p>\n","protected":false},"featured_media":79094,"template":"","meta":[],"product_cat":[1322],"product_tag":[],"class_list":{"0":"post-32369","1":"product","2":"type-product","3":"status-publish","4":"has-post-thumbnail","6":"product_brand-fitodoktor_ua-lt","7":"product_cat-veido-kremai","9":"first","10":"instock","11":"taxable","12":"shipping-taxable","13":"product-type-simple"},"_links":{"self":[{"href":"https:\/\/e.kosmolat.eu\/lt\/wp-json\/wp\/v2\/product\/32369","targetHints":{"allow":["GET"]}}],"collection":[{"href":"https:\/\/e.kosmolat.eu\/lt\/wp-json\/wp\/v2\/product"}],"about":[{"href":"https:\/\/e.kosmolat.eu\/lt\/wp-json\/wp\/v2\/types\/product"}],"wp:featuredmedia":[{"embeddable":true,"href":"https:\/\/e.kosmolat.eu\/lt\/wp-json\/wp\/v2\/media\/79094"}],"wp:attachment":[{"href":"https:\/\/e.kosmolat.eu\/lt\/wp-json\/wp\/v2\/media?parent=32369"}],"wp:term":[{"taxonomy":"product_cat","embeddable":true,"href":"https:\/\/e.kosmolat.eu\/lt\/wp-json\/wp\/v2\/product_cat?post=32369"},{"taxonomy":"product_tag","embeddable":true,"href":"https:\/\/e.kosmolat.eu\/lt\/wp-json\/wp\/v2\/product_tag?post=32369"}],"curies":[{"name":"wp","href":"https:\/\/api.w.org\/{rel}","templated":true}]}}