{"id":32361,"date":"2023-12-21T16:59:43","date_gmt":"2023-12-21T16:59:43","guid":{"rendered":"https:\/\/e.kosmolat.eu\/product\/krems-kot-v-sapogah-75-g\/"},"modified":"2026-04-01T07:01:42","modified_gmt":"2026-04-01T07:01:42","slug":"krems-kot-v-sapogah-75-g","status":"publish","type":"product","link":"https:\/\/e.kosmolat.eu\/lt\/produktas\/krems-kot-v-sapogah-75-g\/","title":{"rendered":"FITODOCTOR Vaiki\u0161kas kremas praturtintas vitaminais &#8220;Batuotas katinas&#8221;, 75 g"},"content":{"rendered":"<p>Sud\u0117tyje yra vitamin\u0173 A ir E, taip pat abrikos\u0173 kauliuk\u0173 aliejaus, kuris yra vitamino F &scaron;altinis. Vitamin\u0173 kompleksas maitina, dr\u0117kina ir atnaujina od\u0105.<\/p>\n<p><strong>Naudojimo b\u016bdas:<\/strong> u\u017etepkite kremo ant &scaron;varios rank\u0173 odos.<\/p>\n<p><strong>Atsargumo priemon\u0117s:<\/strong> Tik i&scaron;oriniam naudojimui.<\/p>\n<p><strong>Laikymo s\u0105lygos:<\/strong> nuo 0 &deg;\u0421 iki +25 &deg;\u0421.<br \/>\n&nbsp;<\/p>\n","protected":false},"excerpt":{"rendered":"<p>Sud\u0117tyje yra vitamin\u0173 A ir E, taip pat abrikos\u0173 kauliuk\u0173 aliejaus, kuris yra vitamino F &scaron;altinis. Vitamin\u0173 kompleksas maitina, dr\u0117kina ir atnaujina od\u0105. Naudojimo b\u016bdas: u\u017etepkite kremo ant &scaron;varios rank\u0173 odos. Atsargumo priemon\u0117s: Tik i&scaron;oriniam naudojimui. Laikymo s\u0105lygos: nuo 0 &deg;\u0421 iki +25 &deg;\u0421. &nbsp;<\/p>\n","protected":false},"featured_media":79086,"template":"","meta":[],"product_cat":[1363],"product_tag":[],"class_list":{"0":"post-32361","1":"product","2":"type-product","3":"status-publish","4":"has-post-thumbnail","6":"product_brand-fitodoktor_ua-lt","7":"product_cat-kuno-prieziuros-kosmetika","9":"first","10":"instock","11":"taxable","12":"shipping-taxable","13":"product-type-simple"},"_links":{"self":[{"href":"https:\/\/e.kosmolat.eu\/lt\/wp-json\/wp\/v2\/product\/32361","targetHints":{"allow":["GET"]}}],"collection":[{"href":"https:\/\/e.kosmolat.eu\/lt\/wp-json\/wp\/v2\/product"}],"about":[{"href":"https:\/\/e.kosmolat.eu\/lt\/wp-json\/wp\/v2\/types\/product"}],"wp:featuredmedia":[{"embeddable":true,"href":"https:\/\/e.kosmolat.eu\/lt\/wp-json\/wp\/v2\/media\/79086"}],"wp:attachment":[{"href":"https:\/\/e.kosmolat.eu\/lt\/wp-json\/wp\/v2\/media?parent=32361"}],"wp:term":[{"taxonomy":"product_cat","embeddable":true,"href":"https:\/\/e.kosmolat.eu\/lt\/wp-json\/wp\/v2\/product_cat?post=32361"},{"taxonomy":"product_tag","embeddable":true,"href":"https:\/\/e.kosmolat.eu\/lt\/wp-json\/wp\/v2\/product_tag?post=32361"}],"curies":[{"name":"wp","href":"https:\/\/api.w.org\/{rel}","templated":true}]}}