{"id":32353,"date":"2023-12-21T16:59:08","date_gmt":"2023-12-21T16:59:08","guid":{"rendered":"https:\/\/e.kosmolat.eu\/product\/krems-semicvetik-44-g\/"},"modified":"2026-04-02T06:26:10","modified_gmt":"2026-04-02T06:26:10","slug":"krems-semicvetik-44-g","status":"publish","type":"product","link":"https:\/\/e.kosmolat.eu\/lt\/produktas\/krems-semicvetik-44-g\/","title":{"rendered":"FITODOCTOR Higieninis kremas vaikams \u201cSemitsvetik\u201d, 44g"},"content":{"rendered":"<p>Sud\u0117tyje yra septyni\u0173 \u017eoleli\u0173 ekstraktai, kurie ramina, dr\u0117kina ir mink&scaron;tina od\u0105.<\/p>\n<p><strong>Naudojimo b\u016bdas:<\/strong> u\u017etepkite kremo ant &scaron;varios rank\u0173 odos.<\/p>\n<p><strong>Atsargumo priemon\u0117s:<\/strong> Tik i&scaron;oriniam naudojimui.<\/p>\n<p><strong>Laikymo s\u0105lygos:<\/strong> nuo 0 &deg;\u0421 iki +25 &deg;\u0421.<br \/>\n&nbsp;<\/p>\n","protected":false},"excerpt":{"rendered":"<p>Sud\u0117tyje yra septyni\u0173 \u017eoleli\u0173 ekstraktai, kurie ramina, dr\u0117kina ir mink&scaron;tina od\u0105. Naudojimo b\u016bdas: u\u017etepkite kremo ant &scaron;varios rank\u0173 odos. Atsargumo priemon\u0117s: Tik i&scaron;oriniam naudojimui. Laikymo s\u0105lygos: nuo 0 &deg;\u0421 iki +25 &deg;\u0421. &nbsp;<\/p>\n","protected":false},"featured_media":79078,"template":"","meta":[],"product_cat":[1363],"product_tag":[],"class_list":{"0":"post-32353","1":"product","2":"type-product","3":"status-publish","4":"has-post-thumbnail","6":"product_brand-fitodoktor_ua-lt","7":"product_cat-kuno-prieziuros-kosmetika","9":"first","10":"instock","11":"taxable","12":"shipping-taxable","13":"product-type-simple"},"_links":{"self":[{"href":"https:\/\/e.kosmolat.eu\/lt\/wp-json\/wp\/v2\/product\/32353","targetHints":{"allow":["GET"]}}],"collection":[{"href":"https:\/\/e.kosmolat.eu\/lt\/wp-json\/wp\/v2\/product"}],"about":[{"href":"https:\/\/e.kosmolat.eu\/lt\/wp-json\/wp\/v2\/types\/product"}],"wp:featuredmedia":[{"embeddable":true,"href":"https:\/\/e.kosmolat.eu\/lt\/wp-json\/wp\/v2\/media\/79078"}],"wp:attachment":[{"href":"https:\/\/e.kosmolat.eu\/lt\/wp-json\/wp\/v2\/media?parent=32353"}],"wp:term":[{"taxonomy":"product_cat","embeddable":true,"href":"https:\/\/e.kosmolat.eu\/lt\/wp-json\/wp\/v2\/product_cat?post=32353"},{"taxonomy":"product_tag","embeddable":true,"href":"https:\/\/e.kosmolat.eu\/lt\/wp-json\/wp\/v2\/product_tag?post=32353"}],"curies":[{"name":"wp","href":"https:\/\/api.w.org\/{rel}","templated":true}]}}