{"id":32345,"date":"2023-12-21T16:58:32","date_gmt":"2023-12-21T16:58:32","guid":{"rendered":"https:\/\/e.kosmolat.eu\/product\/krems-antoska-ar-alantoinu-75-ml\/"},"modified":"2026-04-14T06:39:54","modified_gmt":"2026-04-14T06:39:54","slug":"krems-antoska-ar-alantoinu-75-g","status":"publish","type":"product","link":"https:\/\/e.kosmolat.eu\/lt\/produktas\/krems-antoska-ar-alantoinu-75-g\/","title":{"rendered":"FITODOCTOR Higieninis vaiki\u0161kas kremas su alantoinu &#8220;Anto\u0161ka&#8221;, 75 g"},"content":{"rendered":"<p>Sud\u0117tyje yra bi\u010di\u0173 va&scaron;ko, audini\u0173 &nbsp;riebal\u0173 , alantoino, varnal\u0117&scaron;\u0173 ir ramun\u0117li\u0173 ekstrakt\u0173, kurie ramina, saugo ir skatina odos atsinaujinim\u0105.<\/p>\n<p><strong>Naudojimo b\u016bdas: <\/strong>u\u017etepkite kremo ant &scaron;varios rank\u0173 odos.<\/p>\n<p><strong>Atsargumo priemon\u0117s:<\/strong> Tik i&scaron;oriniam naudojimui.<\/p>\n<p><strong>Laikymo s\u0105lygos: <\/strong>nuo 0 &deg;\u0421 iki +25 &deg;\u0421.<br \/>\n&nbsp;<\/p>\n","protected":false},"excerpt":{"rendered":"<p>Sud\u0117tyje yra bi\u010di\u0173 va&scaron;ko, audini\u0173 &nbsp;riebal\u0173 , alantoino, varnal\u0117&scaron;\u0173 ir ramun\u0117li\u0173 ekstrakt\u0173, kurie ramina, saugo ir skatina odos atsinaujinim\u0105. Naudojimo b\u016bdas: u\u017etepkite kremo ant &scaron;varios rank\u0173 odos. Atsargumo priemon\u0117s: Tik i&scaron;oriniam naudojimui. Laikymo s\u0105lygos: nuo 0 &deg;\u0421 iki +25 &deg;\u0421. &nbsp;<\/p>\n","protected":false},"featured_media":79066,"template":"","meta":[],"product_cat":[1363],"product_tag":[],"class_list":{"0":"post-32345","1":"product","2":"type-product","3":"status-publish","4":"has-post-thumbnail","6":"product_brand-fitodoktor_ua-lt","7":"product_cat-kuno-prieziuros-kosmetika","9":"first","10":"outofstock","11":"taxable","12":"shipping-taxable","13":"product-type-simple"},"_links":{"self":[{"href":"https:\/\/e.kosmolat.eu\/lt\/wp-json\/wp\/v2\/product\/32345","targetHints":{"allow":["GET"]}}],"collection":[{"href":"https:\/\/e.kosmolat.eu\/lt\/wp-json\/wp\/v2\/product"}],"about":[{"href":"https:\/\/e.kosmolat.eu\/lt\/wp-json\/wp\/v2\/types\/product"}],"wp:featuredmedia":[{"embeddable":true,"href":"https:\/\/e.kosmolat.eu\/lt\/wp-json\/wp\/v2\/media\/79066"}],"wp:attachment":[{"href":"https:\/\/e.kosmolat.eu\/lt\/wp-json\/wp\/v2\/media?parent=32345"}],"wp:term":[{"taxonomy":"product_cat","embeddable":true,"href":"https:\/\/e.kosmolat.eu\/lt\/wp-json\/wp\/v2\/product_cat?post=32345"},{"taxonomy":"product_tag","embeddable":true,"href":"https:\/\/e.kosmolat.eu\/lt\/wp-json\/wp\/v2\/product_tag?post=32345"}],"curies":[{"name":"wp","href":"https:\/\/api.w.org\/{rel}","templated":true}]}}