{"id":32337,"date":"2023-12-21T16:57:53","date_gmt":"2023-12-21T16:57:53","guid":{"rendered":"https:\/\/e.kosmolat.eu\/product\/krems-antoska-44-g\/"},"modified":"2026-04-22T08:54:14","modified_gmt":"2026-04-22T08:54:14","slug":"krems-antoska-44-g","status":"publish","type":"product","link":"https:\/\/e.kosmolat.eu\/lt\/produktas\/krems-antoska-44-g\/","title":{"rendered":"FITODOCTOR Higieninis vaiki\u0161kas kremas &#8220;Anto\u0161ka&#8221;, 44 g"},"content":{"rendered":"<p>Kremo sud\u0117tyje yra nat\u016bralios kilm\u0117s produkt\u0173: augalini\u0173 aliej\u0173, audini\u0173 riebal\u0173, bi\u010di\u0173 va&scaron;ko ir lanolino, kurie puikiai mink&scaron;tina, ramina ir saugo k\u016bdikio od\u0105. Raminamai veikia ramun\u0117li\u0173 ir laki&scaron;i\u0173 ekstraktai.<\/p>\n<p><strong>Naudojimo b\u016bdas:<\/strong> u\u017etepkite kremo ant &scaron;varios rank\u0173 odos.<\/p>\n<p><strong>Atsargumo priemon\u0117s: <\/strong>Tik i&scaron;oriniam naudojimui.<\/p>\n<p><strong>Laikymo s\u0105lygos:<\/strong> nuo 0 &deg;\u0421 iki +25 &deg;\u0421.<br \/>\n&nbsp;<\/p>\n","protected":false},"excerpt":{"rendered":"<p>Kremo sud\u0117tyje yra nat\u016bralios kilm\u0117s produkt\u0173: augalini\u0173 aliej\u0173, audini\u0173 riebal\u0173, bi\u010di\u0173 va&scaron;ko ir lanolino, kurie puikiai mink&scaron;tina, ramina ir saugo k\u016bdikio od\u0105. Raminamai veikia ramun\u0117li\u0173 ir laki&scaron;i\u0173 ekstraktai. Naudojimo b\u016bdas: u\u017etepkite kremo ant &scaron;varios rank\u0173 odos. Atsargumo priemon\u0117s: Tik i&scaron;oriniam naudojimui. Laikymo s\u0105lygos: nuo 0 &deg;\u0421 iki +25 &deg;\u0421. &nbsp;<\/p>\n","protected":false},"featured_media":79058,"template":"","meta":[],"product_cat":[2181],"product_tag":[],"class_list":{"0":"post-32337","1":"product","2":"type-product","3":"status-publish","4":"has-post-thumbnail","6":"product_brand-fitodoktor_ua-lt","7":"product_cat-bez-kategorijas-lt","9":"first","10":"outofstock","11":"taxable","12":"shipping-taxable","13":"product-type-simple"},"_links":{"self":[{"href":"https:\/\/e.kosmolat.eu\/lt\/wp-json\/wp\/v2\/product\/32337","targetHints":{"allow":["GET"]}}],"collection":[{"href":"https:\/\/e.kosmolat.eu\/lt\/wp-json\/wp\/v2\/product"}],"about":[{"href":"https:\/\/e.kosmolat.eu\/lt\/wp-json\/wp\/v2\/types\/product"}],"wp:featuredmedia":[{"embeddable":true,"href":"https:\/\/e.kosmolat.eu\/lt\/wp-json\/wp\/v2\/media\/79058"}],"wp:attachment":[{"href":"https:\/\/e.kosmolat.eu\/lt\/wp-json\/wp\/v2\/media?parent=32337"}],"wp:term":[{"taxonomy":"product_cat","embeddable":true,"href":"https:\/\/e.kosmolat.eu\/lt\/wp-json\/wp\/v2\/product_cat?post=32337"},{"taxonomy":"product_tag","embeddable":true,"href":"https:\/\/e.kosmolat.eu\/lt\/wp-json\/wp\/v2\/product_tag?post=32337"}],"curies":[{"name":"wp","href":"https:\/\/api.w.org\/{rel}","templated":true}]}}